{"id":793,"date":"2018-04-05T22:06:28","date_gmt":"2018-04-05T20:06:28","guid":{"rendered":"http:\/\/dromolib.fr\/?page_id=793"},"modified":"2026-04-20T15:46:02","modified_gmt":"2026-04-20T13:46:02","slug":"se-deplacer","status":"publish","type":"page","link":"https:\/\/mmlq.fr\/dromolib\/se-deplacer\/","title":{"rendered":"Se d\u00e9placer en Dr\u00f4me"},"content":{"rendered":"<div class=\"et_pb_section_0 et_pb_section et_section_regular et_flex_section\">\n<div class=\"et_pb_row_0 et_pb_row et_flex_row\">\n<div class=\"et_pb_column_0 et_pb_column et_flex_column et_pb_css_mix_blend_mode_passthrough et_flex_column_16_24 et_flex_column_16_24_tablet et_flex_column_24_24_phone\">\n<div class=\"et_pb_heading_0 et_pb_heading et_pb_module et_flex_module\"><div class=\"et_pb_heading_container\"><h1 class=\"et_pb_module_header\">Se d\u00e9placer autrement<\/h1><\/div><\/div>\n\n<div class=\"et_pb_text_0 et_pb_text et_pb_bg_layout_light et_pb_module et_flex_module\"><div class=\"et_pb_text_inner\"><p>L\u2019\u00e9comobilit\u00e9, c\u2019est se d\u00e9placer \u00e0 pied ou \u00e0 v\u00e9lo d\u00e8s que possible.<br \/>\nC\u2019est partager sa voiture en covoiturant via l\u2019autostop ou l\u2019autopartage.<br \/>\nC\u2019est prendre les transports en commun ou encore t\u00e9l\u00e9travailler.<br \/>\nC\u2019est identifier les d\u00e9placements indispensables et trouver la satisfaction \u00e0 ses besoins proche de chez soi. <\/p>\n<\/div><\/div>\n\n<div class=\"et_pb_text_1 et_pb_text et_pb_bg_layout_light et_pb_module et_flex_module\"><div class=\"et_pb_text_inner\"><p>Le site Dr\u00f4me \u00c9comobilit\u00e9 \u00e9volue.<\/p>\n<p>Dr\u00f4me \u00c9comobilit\u00e9 est une plateforme port\u00e9e par Dromolib, l\u2019agence locale d\u2019\u00e9comobilit\u00e9, qui a pour vocation de rendre visibles et accessibles les solutions pour se d\u00e9placer autrement dans la Dr\u00f4me.<\/p>\n<p>Actuellement en cours de mise \u00e0 jour, ce site proposera prochainement :<\/p>\n<ul>\n<li><span style=\"font-weight: 400;\">une cartographie des solutions de mobilit\u00e9 pr\u00e9sentes sur le territoire,<\/span><\/li>\n<li>un acc\u00e8s simplifi\u00e9 aux alternatives \u00e0 la voiture individuelle : v\u00e9lo et marche, covoiturage, autopartage, transports collectifs, t\u00e9l\u00e9travail, tiers-lieux, mobilit\u00e9 solidaire<\/li>\n<li>un outil d\u2019orientation pour aider chacun\u00b7e \u00e0 identifier les solutions adapt\u00e9es \u00e0 sa situation et \u00e0 son lieu de vie, en particulier en territoire rural.<\/li>\n<\/ul>\n<p>Pendant cette phase de maintenance, l\u2019acc\u00e8s au site Dr\u00f4me \u00c9comobilit\u00e9 est temporairement suspendu. En attendant sa remise en ligne, les guides de mobilit\u00e9 propos\u00e9s par Dromolib restent disponibles et constituent une premi\u00e8re ressource pour d\u00e9couvrir les solutions existantes et \u00eatre accompagn\u00e9\u00b7e dans ses d\u00e9placements du quotidien.<\/p>\n<\/div><\/div>\n<\/div>\n\n<div class=\"et_pb_column_1 et_pb_column et-last-child et_flex_column et_pb_css_mix_blend_mode_passthrough et_flex_column_8_24 et_flex_column_8_24_tablet et_flex_column_24_24_phone\">\n<div class=\"et_pb_image_0 et_pb_image et_pb_module et_flex_module\"><\/div>\n<\/div>\n<\/div>\n<\/div>\n\n<div class=\"et_pb_section_1 et_pb_section et_section_regular et_block_section\">\n\n\n\n\n<div class=\"et_pb_row_3 et_pb_row et_block_row\">\n<div class=\"et_pb_column_5 et_pb_column et_pb_column_4_4 et-last-child et_block_column et_pb_css_mix_blend_mode_passthrough\">\n<div class=\"et_pb_text_5 et_pb_text et_pb_bg_layout_light et_pb_module et_block_module\"><div class=\"et_pb_text_inner\"><h4>Dromolib \u00e9dite des fiches mobilit\u00e9 par territoire :<\/h4>\n<\/div><\/div>\n<\/div>\n<\/div>\n\n<div class=\"et_pb_row_4 et_pb_row et_pb_row_4col et_block_row et_block_row_4col\">\n<div class=\"et_pb_column_6 et_pb_column et_pb_column_1_4 et_block_column et_pb_css_mix_blend_mode_passthrough\">\n<div class=\"et_pb_blurb_0 et_pb_blurb et_pb_bg_layout_light et_pb_blurb_position_top et_clickable et_pb_module et_block_module\"><div class=\"et_pb_blurb_content\"><div class=\"et_pb_main_blurb_image\"><a href=\"https:\/\/www.calameo.com\/books\/0074655076e715841089a\"><span class=\"et_pb_image_wrap et_pb_only_image_mode_wrap\"><img loading=\"lazy\" decoding=\"async\" src=\"https:\/\/mmlq.fr\/dromolib\/wp-content\/uploads\/2024\/07\/Design-sans-titre.png\" width=\"1414\" height=\"2000\" srcset=\"https:\/\/mmlq.fr\/dromolib\/wp-content\/uploads\/2024\/07\/Design-sans-titre.png 1414w, https:\/\/mmlq.fr\/dromolib\/wp-content\/uploads\/2024\/07\/Design-sans-titre-1280x1810.png 1280w, https:\/\/mmlq.fr\/dromolib\/wp-content\/uploads\/2024\/07\/Design-sans-titre-980x1386.png 980w, https:\/\/mmlq.fr\/dromolib\/wp-content\/uploads\/2024\/07\/Design-sans-titre-480x679.png 480w\" sizes=\"(min-width: 0px) and (max-width: 480px) 480px, (min-width: 481px) and (max-width: 980px) 980px, (min-width: 981px) and (max-width: 1280px) 1280px, (min-width: 1281px) 1414px, 100vw\" class=\"et_animated wp-image-6661\" alt=\"carte biovallee\" \/><\/span><\/a><\/div><div class=\"et_pb_blurb_container\"><h4 class=\"et_pb_module_header\"><a href=\"https:\/\/www.calameo.com\/books\/0074655076e715841089a\">Biovall\u00e9e<\/a><\/h4><\/div><\/div><\/div>\n\n<div class=\"et_pb_text_6 et_pb_text et_pb_bg_layout_light et_pb_module et_block_module\"><div class=\"et_pb_text_inner\"><p style=\"text-align: center;\"><a href=\"https:\/\/mmlq.fr\/dromolib\/wp-content\/uploads\/2024\/11\/BOUGEONS-AUTREMENT-BIOVALLEE-A5-nov-2024-web-1.pdf\">T\u00e9l\u00e9charger le PDF ici\u00a0<\/a><\/p>\n<\/div><\/div>\n<\/div>\n\n<div class=\"et_pb_column_7 et_pb_column et_pb_column_1_4 et_block_column et_pb_css_mix_blend_mode_passthrough\">\n<div class=\"et_pb_blurb_1 et_pb_blurb et_pb_bg_layout_light et_pb_blurb_position_top et_clickable et_pb_module et_block_module\"><div class=\"et_pb_blurb_content\"><div class=\"et_pb_main_blurb_image\"><a href=\"https:\/\/www.calameo.com\/books\/0074655075cf8c23ecc96\"><span class=\"et_pb_image_wrap et_pb_only_image_mode_wrap\"><img loading=\"lazy\" decoding=\"async\" src=\"https:\/\/mmlq.fr\/dromolib\/wp-content\/uploads\/2023\/12\/Guide.jpg\" width=\"641\" height=\"913\" srcset=\"https:\/\/mmlq.fr\/dromolib\/wp-content\/uploads\/2023\/12\/Guide.jpg 641w, https:\/\/mmlq.fr\/dromolib\/wp-content\/uploads\/2023\/12\/Guide-480x684.jpg 480w\" sizes=\"(min-width: 0px) and (max-width: 480px) 480px, (min-width: 481px) 641px, 100vw\" class=\"et_animated wp-image-5964\" alt=\"Carte Royans\/Vercors\" \/><\/span><\/a><\/div><div class=\"et_pb_blurb_container\"><h4 class=\"et_pb_module_header\"><a href=\"https:\/\/www.calameo.com\/books\/0074655075cf8c23ecc96\">Royans-Vercors<\/a><\/h4><\/div><\/div><\/div>\n\n<div class=\"et_pb_text_7 et_pb_text et_pb_bg_layout_light et_pb_module et_block_module\"><div class=\"et_pb_text_inner\"><p style=\"text-align: center;\"><a href=\"https:\/\/mmlq.fr\/dromolib\/wp-content\/uploads\/2025\/07\/BOUGEONS-AUTREMENT-ROYANS-A5-2025-web.pdf\">T\u00e9l\u00e9charger le PDF ici<\/a><\/p>\n<\/div><\/div>\n<\/div>\n\n<div class=\"et_pb_column_8 et_pb_column et_pb_column_1_4 et_block_column et_pb_css_mix_blend_mode_passthrough\">\n<div class=\"et_pb_blurb_2 et_pb_blurb et_pb_bg_layout_light et_pb_blurb_position_top et_pb_module et_block_module\"><div class=\"et_pb_blurb_content\"><div class=\"et_pb_main_blurb_image\"><a href=\"https:\/\/www.calameo.com\/books\/0074655070357f6513950\"><span class=\"et_pb_image_wrap et_pb_only_image_mode_wrap\"><img loading=\"lazy\" decoding=\"async\" src=\"https:\/\/mmlq.fr\/dromolib\/wp-content\/uploads\/2023\/09\/une_sud_drome.jpg\" width=\"443\" height=\"619\" srcset=\"https:\/\/mmlq.fr\/dromolib\/wp-content\/uploads\/2023\/09\/une_sud_drome.jpg 443w, https:\/\/mmlq.fr\/dromolib\/wp-content\/uploads\/2023\/09\/une_sud_drome-215x300.jpg 215w\" sizes=\"(max-width: 443px) 100vw, 443px\" class=\"et_animated wp-image-5456\" alt=\"Carte Dr\u00f4me Sud\" \/><\/span><\/a><\/div><div class=\"et_pb_blurb_container\"><h4 class=\"et_pb_module_header\"><a href=\"https:\/\/www.calameo.com\/books\/0074655070357f6513950\">Sud Dr\u00f4me<\/a><\/h4><\/div><\/div><\/div>\n\n<div class=\"et_pb_text_8 et_pb_text et_pb_bg_layout_light et_pb_module et_block_module\"><div class=\"et_pb_text_inner\"><p style=\"text-align: center;\"><a href=\"https:\/\/mmlq.fr\/dromolib\/wp-content\/uploads\/2024\/10\/BOUGEONS-AUTREMENT-BARONNIES-A5-2023-web.pdf\">T\u00e9l\u00e9charger le PDF ici<\/a><\/p>\n<\/div><\/div>\n<\/div>\n\n<div class=\"et_pb_column_9 et_pb_column et_pb_column_1_4 et-last-child et_block_column et_pb_css_mix_blend_mode_passthrough\">\n<div class=\"et_pb_blurb_3 et_pb_blurb et_pb_bg_layout_light et_pb_blurb_position_top et_pb_module et_block_module\"><div class=\"et_pb_blurb_content\"><div class=\"et_pb_main_blurb_image\"><span class=\"et_pb_image_wrap et_pb_only_image_mode_wrap\"><img loading=\"lazy\" decoding=\"async\" src=\"https:\/\/mmlq.fr\/dromolib\/wp-content\/uploads\/2020\/10\/drome-nord.jpg\" width=\"800\" height=\"600\" srcset=\"https:\/\/mmlq.fr\/dromolib\/wp-content\/uploads\/2020\/10\/drome-nord.jpg 800w, https:\/\/mmlq.fr\/dromolib\/wp-content\/uploads\/2020\/10\/drome-nord-480x360.jpg 480w\" sizes=\"(min-width: 0px) and (max-width: 480px) 480px, (min-width: 481px) 800px, 100vw\" class=\"et_animated wp-image-2338\" alt=\"Dr\u00f4me Nord\" \/><\/span><\/div><div class=\"et_pb_blurb_container\"><h4 class=\"et_pb_module_header\">Nord Dr\u00f4me (\u00e0 venir)<\/h4><\/div><\/div><\/div>\n<\/div>\n<\/div>\n\n\n<\/div>\n\n\n\n","protected":false},"excerpt":{"rendered":"","protected":false},"author":3,"featured_media":0,"parent":0,"menu_order":0,"comment_status":"closed","ping_status":"closed","template":"","meta":{"_acf_changed":false,"footnotes":""},"class_list":["post-793","page","type-page","status-publish","hentry"],"acf":[],"yoast_head":"<!-- This site is optimized with the Yoast SEO plugin v27.5 - https:\/\/yoast.com\/product\/yoast-seo-wordpress\/ -->\n<title>Se d\u00e9placer en Dr\u00f4me - Dromolib - Agence locale de mobilit\u00e9<\/title>\n<meta name=\"robots\" content=\"index, follow, max-snippet:-1, max-image-preview:large, max-video-preview:-1\" \/>\n<link rel=\"canonical\" href=\"https:\/\/mmlq.fr\/dromolib\/se-deplacer\/\" \/>\n<meta property=\"og:locale\" content=\"fr_FR\" \/>\n<meta property=\"og:type\" content=\"article\" \/>\n<meta property=\"og:title\" content=\"Se d\u00e9placer en Dr\u00f4me - Dromolib - Agence locale de mobilit\u00e9\" \/>\n<meta property=\"og:url\" content=\"https:\/\/mmlq.fr\/dromolib\/se-deplacer\/\" \/>\n<meta property=\"og:site_name\" content=\"Dromolib - Agence locale de mobilit\u00e9\" \/>\n<meta property=\"article:publisher\" content=\"https:\/\/www.facebook.com\/Dromolib26\" \/>\n<meta property=\"article:modified_time\" content=\"2026-04-20T13:46:02+00:00\" \/>\n<meta name=\"twitter:card\" content=\"summary_large_image\" \/>\n<meta name=\"twitter:label1\" content=\"Dur\u00e9e de lecture estim\u00e9e\" \/>\n\t<meta name=\"twitter:data1\" content=\"8 minutes\" \/>\n<script type=\"application\/ld+json\" class=\"yoast-schema-graph\">{\"@context\":\"https:\\\/\\\/schema.org\",\"@graph\":[{\"@type\":\"WebPage\",\"@id\":\"https:\\\/\\\/mmlq.fr\\\/dromolib\\\/se-deplacer\\\/\",\"url\":\"https:\\\/\\\/mmlq.fr\\\/dromolib\\\/se-deplacer\\\/\",\"name\":\"Se d\u00e9placer en Dr\u00f4me - Dromolib - Agence locale de mobilit\u00e9\",\"isPartOf\":{\"@id\":\"https:\\\/\\\/dromolib.fr\\\/#website\"},\"datePublished\":\"2018-04-05T20:06:28+00:00\",\"dateModified\":\"2026-04-20T13:46:02+00:00\",\"breadcrumb\":{\"@id\":\"https:\\\/\\\/mmlq.fr\\\/dromolib\\\/se-deplacer\\\/#breadcrumb\"},\"inLanguage\":\"fr-FR\",\"potentialAction\":[{\"@type\":\"ReadAction\",\"target\":[\"https:\\\/\\\/mmlq.fr\\\/dromolib\\\/se-deplacer\\\/\"]}]},{\"@type\":\"BreadcrumbList\",\"@id\":\"https:\\\/\\\/mmlq.fr\\\/dromolib\\\/se-deplacer\\\/#breadcrumb\",\"itemListElement\":[{\"@type\":\"ListItem\",\"position\":1,\"name\":\"Accueil\",\"item\":\"https:\\\/\\\/mmlq.fr\\\/dromolib\\\/\"},{\"@type\":\"ListItem\",\"position\":2,\"name\":\"Se d\u00e9placer en Dr\u00f4me\"}]},{\"@type\":\"WebSite\",\"@id\":\"https:\\\/\\\/dromolib.fr\\\/#website\",\"url\":\"https:\\\/\\\/dromolib.fr\\\/\",\"name\":\"Dromolib - Agence locale de mobilit\u00e9\",\"description\":\"Se d\u00e9placer durablement en territoire rural (Dr\u00f4me et alentours)\",\"potentialAction\":[{\"@type\":\"SearchAction\",\"target\":{\"@type\":\"EntryPoint\",\"urlTemplate\":\"https:\\\/\\\/dromolib.fr\\\/?s={search_term_string}\"},\"query-input\":{\"@type\":\"PropertyValueSpecification\",\"valueRequired\":true,\"valueName\":\"search_term_string\"}}],\"inLanguage\":\"fr-FR\"}]}<\/script>\n<!-- \/ Yoast SEO plugin. -->","yoast_head_json":{"title":"Se d\u00e9placer en Dr\u00f4me - Dromolib - Agence locale de mobilit\u00e9","robots":{"index":"index","follow":"follow","max-snippet":"max-snippet:-1","max-image-preview":"max-image-preview:large","max-video-preview":"max-video-preview:-1"},"canonical":"https:\/\/mmlq.fr\/dromolib\/se-deplacer\/","og_locale":"fr_FR","og_type":"article","og_title":"Se d\u00e9placer en Dr\u00f4me - Dromolib - Agence locale de mobilit\u00e9","og_url":"https:\/\/mmlq.fr\/dromolib\/se-deplacer\/","og_site_name":"Dromolib - Agence locale de mobilit\u00e9","article_publisher":"https:\/\/www.facebook.com\/Dromolib26","article_modified_time":"2026-04-20T13:46:02+00:00","twitter_card":"summary_large_image","twitter_misc":{"Dur\u00e9e de lecture estim\u00e9e":"8 minutes"},"schema":{"@context":"https:\/\/schema.org","@graph":[{"@type":"WebPage","@id":"https:\/\/mmlq.fr\/dromolib\/se-deplacer\/","url":"https:\/\/mmlq.fr\/dromolib\/se-deplacer\/","name":"Se d\u00e9placer en Dr\u00f4me - Dromolib - Agence locale de mobilit\u00e9","isPartOf":{"@id":"https:\/\/dromolib.fr\/#website"},"datePublished":"2018-04-05T20:06:28+00:00","dateModified":"2026-04-20T13:46:02+00:00","breadcrumb":{"@id":"https:\/\/mmlq.fr\/dromolib\/se-deplacer\/#breadcrumb"},"inLanguage":"fr-FR","potentialAction":[{"@type":"ReadAction","target":["https:\/\/mmlq.fr\/dromolib\/se-deplacer\/"]}]},{"@type":"BreadcrumbList","@id":"https:\/\/mmlq.fr\/dromolib\/se-deplacer\/#breadcrumb","itemListElement":[{"@type":"ListItem","position":1,"name":"Accueil","item":"https:\/\/mmlq.fr\/dromolib\/"},{"@type":"ListItem","position":2,"name":"Se d\u00e9placer en Dr\u00f4me"}]},{"@type":"WebSite","@id":"https:\/\/dromolib.fr\/#website","url":"https:\/\/dromolib.fr\/","name":"Dromolib - Agence locale de mobilit\u00e9","description":"Se d\u00e9placer durablement en territoire rural (Dr\u00f4me et alentours)","potentialAction":[{"@type":"SearchAction","target":{"@type":"EntryPoint","urlTemplate":"https:\/\/dromolib.fr\/?s={search_term_string}"},"query-input":{"@type":"PropertyValueSpecification","valueRequired":true,"valueName":"search_term_string"}}],"inLanguage":"fr-FR"}]}},"_links":{"self":[{"href":"https:\/\/mmlq.fr\/dromolib\/wp-json\/wp\/v2\/pages\/793","targetHints":{"allow":["GET"]}}],"collection":[{"href":"https:\/\/mmlq.fr\/dromolib\/wp-json\/wp\/v2\/pages"}],"about":[{"href":"https:\/\/mmlq.fr\/dromolib\/wp-json\/wp\/v2\/types\/page"}],"author":[{"embeddable":true,"href":"https:\/\/mmlq.fr\/dromolib\/wp-json\/wp\/v2\/users\/3"}],"replies":[{"embeddable":true,"href":"https:\/\/mmlq.fr\/dromolib\/wp-json\/wp\/v2\/comments?post=793"}],"version-history":[{"count":4,"href":"https:\/\/mmlq.fr\/dromolib\/wp-json\/wp\/v2\/pages\/793\/revisions"}],"predecessor-version":[{"id":9956,"href":"https:\/\/mmlq.fr\/dromolib\/wp-json\/wp\/v2\/pages\/793\/revisions\/9956"}],"wp:attachment":[{"href":"https:\/\/mmlq.fr\/dromolib\/wp-json\/wp\/v2\/media?parent=793"}],"curies":[{"name":"wp","href":"https:\/\/api.w.org\/{rel}","templated":true}]}}