{"id":5855,"date":"2023-11-22T16:32:48","date_gmt":"2023-11-22T15:32:48","guid":{"rendered":"https:\/\/mmlq.fr\/dromolib\/?page_id=5855"},"modified":"2025-10-08T22:36:39","modified_gmt":"2025-10-08T20:36:39","slug":"initiatives","status":"publish","type":"page","link":"https:\/\/mmlq.fr\/dromolib\/initiatives\/","title":{"rendered":"Initiatives"},"content":{"rendered":"<div class=\"et_pb_section_0 et_pb_section et_pb_fullwidth_section et_section_regular et_block_section\"><div class=\"et_pb_fullwidth_post_title_0 et_pb_post_title et_pb_image_below et_pb_bg_layout_light et_pb_module\"><div class=\"et_pb_title_container\"><h1 class=\"entry-title\">Initiatives<\/h1><\/div><\/div><\/div><div class=\"et_pb_section_1 et_pb_section et_section_specialty et_pb_gutters3 et_block_section\"><div class=\"et_pb_row et_pb_row-1-4_3-4 et_block_row\"><div class=\"et_pb_column_0 et_pb_column et_pb_column_single et_pb_column_1_4 et_block_column et_pb_css_mix_blend_mode_passthrough\"><div class=\"et_pb_menu_0 et_pb_menu et_pb_menu--without-logo et_pb_menu--style-left_aligned et_dropdown_animation_fade et_pb_bg_layout_light et_pb_text_align_right-tablet et_pb_text_align_right-phone et_pb_module et_flex_module\"><div class=\"et_pb_menu_inner_container et_flex_module\"><div class=\"et_pb_menu__wrap\"><div class=\"et_pb_menu__menu\"><nav class=\"et-menu-nav\"><ul id=\"menu-observatoire\" class=\"et-menu nav downwards\"><li id=\"menu-item-5864\" class=\"et_pb_menu_page_id-5832 menu-item menu-item-type-post_type menu-item-object-page menu-item-has-children menu-item-5864\"><a href=\"https:\/\/mmlq.fr\/dromolib\/etudes\/\">Etudes<\/a>\n<ul class=\"sub-menu\">\n\t<li id=\"menu-item-5885\" class=\"et_pb_menu_page_id-5885 menu-item menu-item-type-custom menu-item-object-custom menu-item-5885\"><a href=\"https:\/\/mmlq.fr\/dromolib\/etudes\/#etudes2015\">2015<\/a><\/li>\n\t<li id=\"menu-item-5888\" class=\"et_pb_menu_page_id-5888 menu-item menu-item-type-custom menu-item-object-custom menu-item-5888\"><a href=\"https:\/\/mmlq.fr\/dromolib\/etudes\/#etudes2021\">2021<\/a><\/li>\n\t<li id=\"menu-item-5890\" class=\"et_pb_menu_page_id-5890 menu-item menu-item-type-custom menu-item-object-custom menu-item-5890\"><a href=\"https:\/\/mmlq.fr\/dromolib\/etudes\/#etudes2022\">2022<\/a><\/li>\n<\/ul>\n<\/li>\n<li id=\"menu-item-5865\" class=\"et_pb_menu_page_id-5799 menu-item menu-item-type-post_type menu-item-object-page menu-item-has-children menu-item-5865\"><a href=\"https:\/\/mmlq.fr\/dromolib\/lois\/\">Lois<\/a>\n<ul class=\"sub-menu\">\n\t<li id=\"menu-item-5917\" class=\"et_pb_menu_page_id-5917 menu-item menu-item-type-custom menu-item-object-custom menu-item-5917\"><a href=\"https:\/\/mmlq.fr\/dromolib\/lois\/#lois2021\">2021<\/a><\/li>\n\t<li id=\"menu-item-5919\" class=\"et_pb_menu_page_id-5919 menu-item menu-item-type-custom menu-item-object-custom menu-item-5919\"><a href=\"https:\/\/mmlq.fr\/dromolib\/lois\/#lois2022\">2022<\/a><\/li>\n<\/ul>\n<\/li>\n<li id=\"menu-item-5863\" class=\"et_pb_menu_page_id-5837 menu-item menu-item-type-post_type menu-item-object-page menu-item-has-children menu-item-5863\"><a href=\"https:\/\/mmlq.fr\/dromolib\/chiffres-cles\/\">Chiffres cl\u00e9s<\/a>\n<ul class=\"sub-menu\">\n\t<li id=\"menu-item-5873\" class=\"et_pb_menu_page_id-5873 menu-item menu-item-type-custom menu-item-object-custom menu-item-5873\"><a href=\"https:\/\/mmlq.fr\/dromolib\/chiffres-cles\/#chiffres2020\">2020<\/a><\/li>\n\t<li id=\"menu-item-5879\" class=\"et_pb_menu_page_id-5879 menu-item menu-item-type-custom menu-item-object-custom menu-item-5879\"><a href=\"https:\/\/mmlq.fr\/dromolib\/chiffres-cles\/#chiffres2022\">2022<\/a><\/li>\n<\/ul>\n<\/li>\n<li id=\"menu-item-5862\" class=\"et_pb_menu_page_id-5846 menu-item menu-item-type-post_type menu-item-object-page menu-item-has-children menu-item-5862\"><a href=\"https:\/\/mmlq.fr\/dromolib\/fiches-techniques\/\">Fiches techniques<\/a>\n<ul class=\"sub-menu\">\n\t<li id=\"menu-item-5907\" class=\"et_pb_menu_page_id-5907 menu-item menu-item-type-custom menu-item-object-custom menu-item-5907\"><a href=\"https:\/\/mmlq.fr\/dromolib\/fiches-techniques\/#technique2022\">2022<\/a><\/li>\n<\/ul>\n<\/li>\n<li id=\"menu-item-5861\" class=\"et_pb_menu_page_id-5851 menu-item menu-item-type-post_type menu-item-object-page menu-item-has-children menu-item-5861\"><a href=\"https:\/\/mmlq.fr\/dromolib\/debats\/\">D\u00e9bats<\/a>\n<ul class=\"sub-menu\">\n\t<li id=\"menu-item-5882\" class=\"et_pb_menu_page_id-5882 menu-item menu-item-type-custom menu-item-object-custom menu-item-5882\"><a href=\"https:\/\/mmlq.fr\/dromolib\/debats\/#debats2022\">2022<\/a><\/li>\n<\/ul>\n<\/li>\n<li id=\"menu-item-5860\" class=\"et_pb_menu_page_id-5855 menu-item menu-item-type-post_type menu-item-object-page menu-item-has-children menu-item-5860\"><a href=\"https:\/\/mmlq.fr\/dromolib\/initiatives\/\">Initiatives<\/a>\n<ul class=\"sub-menu\">\n\t<li id=\"menu-item-5911\" class=\"et_pb_menu_page_id-5911 menu-item menu-item-type-custom menu-item-object-custom menu-item-5911\"><a href=\"https:\/\/mmlq.fr\/dromolib\/initiatives\/#initiatives2019\">2019<\/a><\/li>\n\t<li id=\"menu-item-5912\" class=\"et_pb_menu_page_id-5912 menu-item menu-item-type-custom menu-item-object-custom menu-item-5912\"><a href=\"https:\/\/mmlq.fr\/dromolib\/initiatives\/#initiatives2020\">2020<\/a><\/li>\n\t<li id=\"menu-item-5913\" class=\"et_pb_menu_page_id-5913 menu-item menu-item-type-custom menu-item-object-custom menu-item-5913\"><a href=\"https:\/\/mmlq.fr\/dromolib\/initiatives\/#initiatives2021\">2021<\/a><\/li>\n\t<li id=\"menu-item-5914\" class=\"et_pb_menu_page_id-5914 menu-item menu-item-type-custom menu-item-object-custom menu-item-5914\"><a href=\"https:\/\/mmlq.fr\/dromolib\/initiatives\/#initiatives2022\">2022<\/a><\/li>\n<\/ul>\n<\/li>\n<\/ul><\/nav><\/div><div class=\"et_mobile_nav_menu\"><div class=\"mobile_nav closed\"><span class=\"mobile_menu_bar\"><\/span><\/div><\/div><\/div><\/div><\/div><\/div><div class=\"et_pb_column_1 et_pb_column et_pb_specialty_column et_pb_column_3_4 et-last-child et_block_column et_pb_css_mix_blend_mode_passthrough\"><div class=\"et_pb_row_inner_1 et_pb_row_inner et_block_row\"><div class=\"et_pb_column_inner_1 et_pb_column_inner et_pb_column et_pb_column_4_4 et-last-child et_block_column et_pb_css_mix_blend_mode_passthrough\"><div class=\"et_pb_text_1 et_pb_text et_pb_bg_layout_dark et_pb_module et_flex_module\" id=\"initiatives2022\"><div class=\"et_pb_text_inner\"><h3><strong>2022<\/strong><\/h3>\n<\/div><\/div><div class=\"et_pb_accordion_0 et_pb_accordion et_pb_module et_flex_module\"><div class=\"et_pb_accordion_item_0 et_pb_accordion_item et_pb_toggle et_pb_module et_clickable et_pb_toggle_open et_flex_module\"><h5 class=\"et_pb_toggle_title\">Les \"bornes to be alive\" de J\u00e9r\u00f4me Saez \/ L'Echo Dr\u00f4me Ard\u00e8che \/ Ao\u00fbt 2022<\/h5><div class=\"et_pb_toggle_content et_flex_module\"><p>Bornes dont la signal\u00e9tique se d\u00e9clenche d\u00e8s qu'un pi\u00e9ton est en approche.<\/p>\n<p><a href=\"https:\/\/echo-drome-ardeche.com\/ardeche-innovation-securite-routiere-les-bornes-to-be-alive-de-jerome-saez\/?fbclid=IwAR2qaFZPb1F24okAGXUf52pyFp6P1W77ID6WuOOSs-8O8Y1mbBU27r7Hljc\">En savoir +<\/a><\/p>\n<\/div><\/div><div class=\"et_pb_accordion_item_1 et_pb_accordion_item et_pb_toggle et_pb_module et_clickable et_pb_toggle_close et_flex_module\"><h5 class=\"et_pb_toggle_title\">Parcours v\u00e9lo pour les enfants \/ Mont\u00e9limar \/ F\u00e9vrier 2022<\/h5><div class=\"et_pb_toggle_content et_flex_module\"><p>Un parcours cyclable trac\u00e9 au sol pour v\u00e9rifier sa maniabilit\u00e9 \u00e0 v\u00e9lo, pour les grands et les petits.<\/p>\n<p><a href=\"https:\/\/www.montelimar.fr\/au-quotidien\/actualites\/la-bonne-idee-vacances-testez-le-nouveau-parcours-velo-pour-les-enfants\">En savoir +<\/a><\/p>\n<\/div><\/div><div class=\"et_pb_accordion_item_2 et_pb_accordion_item et_pb_toggle et_pb_module et_clickable et_pb_toggle_close et_flex_module\"><h5 class=\"et_pb_toggle_title\">Un v\u00e9lo libre-service pour deux : le \"cov\u00e9lotage\" se lance en France \/ L'Equipe \/ Janvier 2022<\/h5><div class=\"et_pb_toggle_content et_flex_module\"><p class=\"Article__chapo\">En mettant des v\u00e9los \u00e9lectriques biplaces en location \u00e0 Grenoble et Angers depuis l'an pass\u00e9, l'entreprise Pony esp\u00e8re d\u00e9velopper le concept de \u00ab\u00a0cov\u00e9lotage\u00a0\u00bb, pendant cycliste du covoiturage, en France.<\/p>\n<p><a href=\"https:\/\/www.lequipe.fr\/Velo-mag\/Tendance\/Actualites\/Un-velo-libre-service-pour-deux-le-covelotage-se-lance-en-france\/1309603\">En savoir +<\/a><\/p>\n<\/div><\/div><div class=\"et_pb_accordion_item_3 et_pb_accordion_item et_pb_toggle et_pb_module et_clickable et_pb_toggle_close et_flex_module\"><h5 class=\"et_pb_toggle_title\">Une semaine sans ma voiture \u00e0 l'h\u00f4pital de Millau par In'VD \/ Seize9\/ janvier 2022<\/h5><div class=\"et_pb_toggle_content et_flex_module\"><p>In'VD est venu \u00e0 l'h\u00f4pital de Millau avec son kit \"une semaine sans ma voiture\" afin de promouvoir les d\u00e9placements doux aupr\u00e8s de toutes les personnes qui travaillent dans cet \u00e9tablissement.<\/p>\n<p><a href=\"https:\/\/www.youtube.com\/watch?v=ITrjwtnO4KU\">En savoir +<\/a><\/p>\n<\/div><\/div><\/div><\/div><\/div><div class=\"et_pb_row_inner_2 et_pb_row_inner et_block_row\"><div class=\"et_pb_column_inner_2 et_pb_column_inner et_pb_column et_pb_column_4_4 et-last-child et_block_column et_pb_css_mix_blend_mode_passthrough\"><div class=\"et_pb_text_2 et_pb_text et_pb_bg_layout_dark et_pb_module et_flex_module\" id=\"initiatives2021\"><div class=\"et_pb_text_inner\"><h3><strong>2021<\/strong><\/h3>\n<\/div><\/div><div class=\"et_pb_accordion_1 et_pb_accordion et_pb_module et_flex_module\"><div class=\"et_pb_accordion_item_4 et_pb_accordion_item et_pb_toggle et_pb_module et_clickable et_pb_toggle_open et_flex_module\"><h5 class=\"et_pb_toggle_title\">Vh\u00e9lio<\/h5><div class=\"et_pb_toggle_content et_flex_module\"><p>Un v\u00e9lo pouvant transporter 4 personnes \u00e0 auto-construire. Un projet associatif.<\/p>\n<p><a href=\"https:\/\/vhelio.org\/\">En savoir +<\/a><\/p>\n<\/div><\/div><div class=\"et_pb_accordion_item_5 et_pb_accordion_item et_pb_toggle et_pb_module et_clickable et_pb_toggle_close et_flex_module\"><h5 class=\"et_pb_toggle_title\">Halt \u00f4 Stop \u00e0 Billom, des aires am\u00e9nag\u00e9es pour faciliter l'autostop \/ France 3 Auvergne-rh\u00f4ne-Alpes \/ Ao\u00fbt 2021<\/h5><div class=\"et_pb_toggle_content et_flex_module\"><p>A Billom dans le Puy-de-D\u00f4me, un jeune habitant de la ville a invent\u00e9 le Halt \u00f4 stop : des aires d'accueil pour faciliter l'auto-stop. Un moyen de r\u00e9pondre au manque de transports en commun dans les communes rurales<\/p>\n<p><a href=\"https:\/\/france3-regions.francetvinfo.fr\/auvergne-rhone-alpes\/puy-de-dome\/video-puy-de-dome-decouvrez-le-halt-o-stop-a-billom-des-aires-amenagees-pour-faciliter-l-auto-stop-2207002.html\">En savoir+.<\/a><\/p>\n<\/div><\/div><\/div><\/div><\/div><div class=\"et_pb_row_inner_3 et_pb_row_inner et_block_row\"><div class=\"et_pb_column_inner_3 et_pb_column_inner et_pb_column et_pb_column_4_4 et-last-child et_block_column et_pb_css_mix_blend_mode_passthrough\"><div class=\"et_pb_text_3 et_pb_text et_pb_bg_layout_dark et_pb_module et_flex_module\" id=\"initiatives2020\"><div class=\"et_pb_text_inner\"><h3><strong>2020<\/strong><\/h3>\n<\/div><\/div><div class=\"et_pb_accordion_2 et_pb_accordion et_pb_module et_flex_module\"><div class=\"et_pb_accordion_item_6 et_pb_accordion_item et_pb_toggle et_pb_module et_clickable et_pb_toggle_open et_flex_module\"><h5 class=\"et_pb_toggle_title\">Sur la route de l'\u00e9cole \/ M\u00e9tropole europ\u00e9enne de Lille \/ 2020<\/h5><div class=\"et_pb_toggle_content et_flex_module\"><p>Kit de sensibilisation \u00e0 la mobilit\u00e9 pour les enfants de 6 \u00e0 10 ans.<\/p>\n<p><a href=\"https:\/\/www.lillemetropole.fr\/sites\/default\/files\/2020-06\/sur%20la%20route%20de%20l%20ecole.pdf\">En savoir +<\/a><\/p>\n<\/div><\/div><\/div><\/div><\/div><div class=\"et_pb_row_inner_4 et_pb_row_inner et_block_row\"><div class=\"et_pb_column_inner_4 et_pb_column_inner et_pb_column et_pb_column_4_4 et-last-child et_block_column et_pb_css_mix_blend_mode_passthrough\"><div class=\"et_pb_text_4 et_pb_text et_pb_bg_layout_dark et_pb_module et_flex_module\" id=\"initiatives2019\"><div class=\"et_pb_text_inner\"><h3><strong>2019<\/strong><\/h3>\n<\/div><\/div><div class=\"et_pb_accordion_3 et_pb_accordion et_pb_module et_flex_module\"><div class=\"et_pb_accordion_item_7 et_pb_accordion_item et_pb_toggle et_pb_module et_clickable et_pb_toggle_open et_flex_module\"><h5 class=\"et_pb_toggle_title\">Dans le Tarn, une \"Rosalie\" pour un transport scolaire \u00e9colo \/ France 3 Occitanie \/ Septembre 2019<\/h5><div class=\"et_pb_toggle_content et_flex_module\"><p>C'est un moyen de transport scolaire qui ne passe pas inaper\u00e7u sur les routes du Tarn.\u00a0 Une fois par semaine, des enfants du village d'Aiguel\u00e8ze p\u00e9dalent \u00e0 bord d'une \"Rosalie\" pour rejoindre leur \u00e9cole. Un mode de d\u00e9placement sportif et \u00e9colo.<\/p>\n<p><a href=\"https:\/\/www.youtube.com\/watch?v=9mIprVwuRxI\">En savoir+<\/a><\/p>\n<\/div><\/div><\/div><\/div><\/div><\/div><\/div><\/div>","protected":false},"excerpt":{"rendered":"","protected":false},"author":4,"featured_media":0,"parent":0,"menu_order":0,"comment_status":"closed","ping_status":"closed","template":"","meta":{"_acf_changed":false,"footnotes":""},"class_list":["post-5855","page","type-page","status-publish","hentry"],"acf":[],"yoast_head":"<!-- This site is optimized with the Yoast SEO plugin v27.5 - https:\/\/yoast.com\/product\/yoast-seo-wordpress\/ -->\n<title>Initiatives - Dromolib - Agence locale de mobilit\u00e9<\/title>\n<meta name=\"robots\" content=\"index, follow, max-snippet:-1, max-image-preview:large, max-video-preview:-1\" \/>\n<link rel=\"canonical\" href=\"https:\/\/mmlq.fr\/dromolib\/initiatives\/\" \/>\n<meta property=\"og:locale\" content=\"fr_FR\" \/>\n<meta property=\"og:type\" content=\"article\" \/>\n<meta property=\"og:title\" content=\"Initiatives - Dromolib - Agence locale de mobilit\u00e9\" \/>\n<meta property=\"og:url\" content=\"https:\/\/mmlq.fr\/dromolib\/initiatives\/\" \/>\n<meta property=\"og:site_name\" content=\"Dromolib - Agence locale de mobilit\u00e9\" \/>\n<meta property=\"article:publisher\" content=\"https:\/\/www.facebook.com\/Dromolib26\" \/>\n<meta property=\"article:modified_time\" content=\"2025-10-08T20:36:39+00:00\" \/>\n<meta name=\"twitter:card\" content=\"summary_large_image\" \/>\n<meta name=\"twitter:label1\" content=\"Dur\u00e9e de lecture estim\u00e9e\" \/>\n\t<meta name=\"twitter:data1\" content=\"2 minutes\" \/>\n<script type=\"application\/ld+json\" class=\"yoast-schema-graph\">{\"@context\":\"https:\\\/\\\/schema.org\",\"@graph\":[{\"@type\":\"WebPage\",\"@id\":\"https:\\\/\\\/mmlq.fr\\\/dromolib\\\/initiatives\\\/\",\"url\":\"https:\\\/\\\/mmlq.fr\\\/dromolib\\\/initiatives\\\/\",\"name\":\"Initiatives - Dromolib - Agence locale de mobilit\u00e9\",\"isPartOf\":{\"@id\":\"https:\\\/\\\/dromolib.fr\\\/#website\"},\"datePublished\":\"2023-11-22T15:32:48+00:00\",\"dateModified\":\"2025-10-08T20:36:39+00:00\",\"breadcrumb\":{\"@id\":\"https:\\\/\\\/mmlq.fr\\\/dromolib\\\/initiatives\\\/#breadcrumb\"},\"inLanguage\":\"fr-FR\",\"potentialAction\":[{\"@type\":\"ReadAction\",\"target\":[\"https:\\\/\\\/mmlq.fr\\\/dromolib\\\/initiatives\\\/\"]}]},{\"@type\":\"BreadcrumbList\",\"@id\":\"https:\\\/\\\/mmlq.fr\\\/dromolib\\\/initiatives\\\/#breadcrumb\",\"itemListElement\":[{\"@type\":\"ListItem\",\"position\":1,\"name\":\"Accueil\",\"item\":\"https:\\\/\\\/mmlq.fr\\\/dromolib\\\/\"},{\"@type\":\"ListItem\",\"position\":2,\"name\":\"Initiatives\"}]},{\"@type\":\"WebSite\",\"@id\":\"https:\\\/\\\/dromolib.fr\\\/#website\",\"url\":\"https:\\\/\\\/dromolib.fr\\\/\",\"name\":\"Dromolib - Agence locale de mobilit\u00e9\",\"description\":\"Se d\u00e9placer durablement en territoire rural (Dr\u00f4me et alentours)\",\"potentialAction\":[{\"@type\":\"SearchAction\",\"target\":{\"@type\":\"EntryPoint\",\"urlTemplate\":\"https:\\\/\\\/dromolib.fr\\\/?s={search_term_string}\"},\"query-input\":{\"@type\":\"PropertyValueSpecification\",\"valueRequired\":true,\"valueName\":\"search_term_string\"}}],\"inLanguage\":\"fr-FR\"}]}<\/script>\n<!-- \/ Yoast SEO plugin. -->","yoast_head_json":{"title":"Initiatives - Dromolib - Agence locale de mobilit\u00e9","robots":{"index":"index","follow":"follow","max-snippet":"max-snippet:-1","max-image-preview":"max-image-preview:large","max-video-preview":"max-video-preview:-1"},"canonical":"https:\/\/mmlq.fr\/dromolib\/initiatives\/","og_locale":"fr_FR","og_type":"article","og_title":"Initiatives - Dromolib - Agence locale de mobilit\u00e9","og_url":"https:\/\/mmlq.fr\/dromolib\/initiatives\/","og_site_name":"Dromolib - Agence locale de mobilit\u00e9","article_publisher":"https:\/\/www.facebook.com\/Dromolib26","article_modified_time":"2025-10-08T20:36:39+00:00","twitter_card":"summary_large_image","twitter_misc":{"Dur\u00e9e de lecture estim\u00e9e":"2 minutes"},"schema":{"@context":"https:\/\/schema.org","@graph":[{"@type":"WebPage","@id":"https:\/\/mmlq.fr\/dromolib\/initiatives\/","url":"https:\/\/mmlq.fr\/dromolib\/initiatives\/","name":"Initiatives - Dromolib - Agence locale de mobilit\u00e9","isPartOf":{"@id":"https:\/\/dromolib.fr\/#website"},"datePublished":"2023-11-22T15:32:48+00:00","dateModified":"2025-10-08T20:36:39+00:00","breadcrumb":{"@id":"https:\/\/mmlq.fr\/dromolib\/initiatives\/#breadcrumb"},"inLanguage":"fr-FR","potentialAction":[{"@type":"ReadAction","target":["https:\/\/mmlq.fr\/dromolib\/initiatives\/"]}]},{"@type":"BreadcrumbList","@id":"https:\/\/mmlq.fr\/dromolib\/initiatives\/#breadcrumb","itemListElement":[{"@type":"ListItem","position":1,"name":"Accueil","item":"https:\/\/mmlq.fr\/dromolib\/"},{"@type":"ListItem","position":2,"name":"Initiatives"}]},{"@type":"WebSite","@id":"https:\/\/dromolib.fr\/#website","url":"https:\/\/dromolib.fr\/","name":"Dromolib - Agence locale de mobilit\u00e9","description":"Se d\u00e9placer durablement en territoire rural (Dr\u00f4me et alentours)","potentialAction":[{"@type":"SearchAction","target":{"@type":"EntryPoint","urlTemplate":"https:\/\/dromolib.fr\/?s={search_term_string}"},"query-input":{"@type":"PropertyValueSpecification","valueRequired":true,"valueName":"search_term_string"}}],"inLanguage":"fr-FR"}]}},"_links":{"self":[{"href":"https:\/\/mmlq.fr\/dromolib\/wp-json\/wp\/v2\/pages\/5855","targetHints":{"allow":["GET"]}}],"collection":[{"href":"https:\/\/mmlq.fr\/dromolib\/wp-json\/wp\/v2\/pages"}],"about":[{"href":"https:\/\/mmlq.fr\/dromolib\/wp-json\/wp\/v2\/types\/page"}],"author":[{"embeddable":true,"href":"https:\/\/mmlq.fr\/dromolib\/wp-json\/wp\/v2\/users\/4"}],"replies":[{"embeddable":true,"href":"https:\/\/mmlq.fr\/dromolib\/wp-json\/wp\/v2\/comments?post=5855"}],"version-history":[{"count":1,"href":"https:\/\/mmlq.fr\/dromolib\/wp-json\/wp\/v2\/pages\/5855\/revisions"}],"predecessor-version":[{"id":9276,"href":"https:\/\/mmlq.fr\/dromolib\/wp-json\/wp\/v2\/pages\/5855\/revisions\/9276"}],"wp:attachment":[{"href":"https:\/\/mmlq.fr\/dromolib\/wp-json\/wp\/v2\/media?parent=5855"}],"curies":[{"name":"wp","href":"https:\/\/api.w.org\/{rel}","templated":true}]}}