{"id":5851,"date":"2023-11-22T16:27:17","date_gmt":"2023-11-22T15:27:17","guid":{"rendered":"https:\/\/mmlq.fr\/dromolib\/?page_id=5851"},"modified":"2025-10-08T22:36:39","modified_gmt":"2025-10-08T20:36:39","slug":"debats","status":"publish","type":"page","link":"https:\/\/mmlq.fr\/dromolib\/debats\/","title":{"rendered":"D\u00e9bats"},"content":{"rendered":"<div class=\"et_pb_section_0 et_pb_section et_pb_fullwidth_section et_section_regular et_block_section\"><div class=\"et_pb_fullwidth_post_title_0 et_pb_post_title et_pb_image_below et_pb_bg_layout_light et_pb_module\"><div class=\"et_pb_title_container\"><h1 class=\"entry-title\">D\u00e9bats<\/h1><\/div><\/div><\/div><div class=\"et_pb_section_1 et_pb_section et_section_specialty et_pb_gutters3 et_block_section\"><div class=\"et_pb_row et_pb_row-1-4_3-4 et_block_row\"><div class=\"et_pb_column_0 et_pb_column et_pb_column_single et_pb_column_1_4 et_block_column et_pb_css_mix_blend_mode_passthrough\"><div class=\"et_pb_menu_0 et_pb_menu et_pb_menu--without-logo et_pb_menu--style-left_aligned et_dropdown_animation_fade et_pb_bg_layout_light et_pb_text_align_right-tablet et_pb_text_align_right-phone et_pb_module et_flex_module\"><div class=\"et_pb_menu_inner_container et_flex_module\"><div class=\"et_pb_menu__wrap\"><div class=\"et_pb_menu__menu\"><nav class=\"et-menu-nav\"><ul id=\"menu-observatoire\" class=\"et-menu nav downwards\"><li id=\"menu-item-5864\" class=\"et_pb_menu_page_id-5832 menu-item menu-item-type-post_type menu-item-object-page menu-item-has-children menu-item-5864\"><a href=\"https:\/\/mmlq.fr\/dromolib\/etudes\/\">Etudes<\/a>\n<ul class=\"sub-menu\">\n\t<li id=\"menu-item-5885\" class=\"et_pb_menu_page_id-5885 menu-item menu-item-type-custom menu-item-object-custom menu-item-5885\"><a href=\"https:\/\/mmlq.fr\/dromolib\/etudes\/#etudes2015\">2015<\/a><\/li>\n\t<li id=\"menu-item-5888\" class=\"et_pb_menu_page_id-5888 menu-item menu-item-type-custom menu-item-object-custom menu-item-5888\"><a href=\"https:\/\/mmlq.fr\/dromolib\/etudes\/#etudes2021\">2021<\/a><\/li>\n\t<li id=\"menu-item-5890\" class=\"et_pb_menu_page_id-5890 menu-item menu-item-type-custom menu-item-object-custom menu-item-5890\"><a href=\"https:\/\/mmlq.fr\/dromolib\/etudes\/#etudes2022\">2022<\/a><\/li>\n<\/ul>\n<\/li>\n<li id=\"menu-item-5865\" class=\"et_pb_menu_page_id-5799 menu-item menu-item-type-post_type menu-item-object-page menu-item-has-children menu-item-5865\"><a href=\"https:\/\/mmlq.fr\/dromolib\/lois\/\">Lois<\/a>\n<ul class=\"sub-menu\">\n\t<li id=\"menu-item-5917\" class=\"et_pb_menu_page_id-5917 menu-item menu-item-type-custom menu-item-object-custom menu-item-5917\"><a href=\"https:\/\/mmlq.fr\/dromolib\/lois\/#lois2021\">2021<\/a><\/li>\n\t<li id=\"menu-item-5919\" class=\"et_pb_menu_page_id-5919 menu-item menu-item-type-custom menu-item-object-custom menu-item-5919\"><a href=\"https:\/\/mmlq.fr\/dromolib\/lois\/#lois2022\">2022<\/a><\/li>\n<\/ul>\n<\/li>\n<li id=\"menu-item-5863\" class=\"et_pb_menu_page_id-5837 menu-item menu-item-type-post_type menu-item-object-page menu-item-has-children menu-item-5863\"><a href=\"https:\/\/mmlq.fr\/dromolib\/chiffres-cles\/\">Chiffres cl\u00e9s<\/a>\n<ul class=\"sub-menu\">\n\t<li id=\"menu-item-5873\" class=\"et_pb_menu_page_id-5873 menu-item menu-item-type-custom menu-item-object-custom menu-item-5873\"><a href=\"https:\/\/mmlq.fr\/dromolib\/chiffres-cles\/#chiffres2020\">2020<\/a><\/li>\n\t<li id=\"menu-item-5879\" class=\"et_pb_menu_page_id-5879 menu-item menu-item-type-custom menu-item-object-custom menu-item-5879\"><a href=\"https:\/\/mmlq.fr\/dromolib\/chiffres-cles\/#chiffres2022\">2022<\/a><\/li>\n<\/ul>\n<\/li>\n<li id=\"menu-item-5862\" class=\"et_pb_menu_page_id-5846 menu-item menu-item-type-post_type menu-item-object-page menu-item-has-children menu-item-5862\"><a href=\"https:\/\/mmlq.fr\/dromolib\/fiches-techniques\/\">Fiches techniques<\/a>\n<ul class=\"sub-menu\">\n\t<li id=\"menu-item-5907\" class=\"et_pb_menu_page_id-5907 menu-item menu-item-type-custom menu-item-object-custom menu-item-5907\"><a href=\"https:\/\/mmlq.fr\/dromolib\/fiches-techniques\/#technique2022\">2022<\/a><\/li>\n<\/ul>\n<\/li>\n<li id=\"menu-item-5861\" class=\"et_pb_menu_page_id-5851 menu-item menu-item-type-post_type menu-item-object-page menu-item-has-children menu-item-5861\"><a href=\"https:\/\/mmlq.fr\/dromolib\/debats\/\">D\u00e9bats<\/a>\n<ul class=\"sub-menu\">\n\t<li id=\"menu-item-5882\" class=\"et_pb_menu_page_id-5882 menu-item menu-item-type-custom menu-item-object-custom menu-item-5882\"><a href=\"https:\/\/mmlq.fr\/dromolib\/debats\/#debats2022\">2022<\/a><\/li>\n<\/ul>\n<\/li>\n<li id=\"menu-item-5860\" class=\"et_pb_menu_page_id-5855 menu-item menu-item-type-post_type menu-item-object-page menu-item-has-children menu-item-5860\"><a href=\"https:\/\/mmlq.fr\/dromolib\/initiatives\/\">Initiatives<\/a>\n<ul class=\"sub-menu\">\n\t<li id=\"menu-item-5911\" class=\"et_pb_menu_page_id-5911 menu-item menu-item-type-custom menu-item-object-custom menu-item-5911\"><a href=\"https:\/\/mmlq.fr\/dromolib\/initiatives\/#initiatives2019\">2019<\/a><\/li>\n\t<li id=\"menu-item-5912\" class=\"et_pb_menu_page_id-5912 menu-item menu-item-type-custom menu-item-object-custom menu-item-5912\"><a href=\"https:\/\/mmlq.fr\/dromolib\/initiatives\/#initiatives2020\">2020<\/a><\/li>\n\t<li id=\"menu-item-5913\" class=\"et_pb_menu_page_id-5913 menu-item menu-item-type-custom menu-item-object-custom menu-item-5913\"><a href=\"https:\/\/mmlq.fr\/dromolib\/initiatives\/#initiatives2021\">2021<\/a><\/li>\n\t<li id=\"menu-item-5914\" class=\"et_pb_menu_page_id-5914 menu-item menu-item-type-custom menu-item-object-custom menu-item-5914\"><a href=\"https:\/\/mmlq.fr\/dromolib\/initiatives\/#initiatives2022\">2022<\/a><\/li>\n<\/ul>\n<\/li>\n<\/ul><\/nav><\/div><div class=\"et_mobile_nav_menu\"><div class=\"mobile_nav closed\"><span class=\"mobile_menu_bar\"><\/span><\/div><\/div><\/div><\/div><\/div><\/div><div class=\"et_pb_column_1 et_pb_column et_pb_specialty_column et_pb_column_3_4 et-last-child et_block_column et_pb_css_mix_blend_mode_passthrough\"><div class=\"et_pb_row_inner_1 et_pb_row_inner et_block_row\"><div class=\"et_pb_column_inner_1 et_pb_column_inner et_pb_column et_pb_column_4_4 et-last-child et_block_column et_pb_css_mix_blend_mode_passthrough\"><div class=\"et_pb_text_1 et_pb_text et_pb_bg_layout_dark et_pb_module et_flex_module\" id=\"debats2022\"><div class=\"et_pb_text_inner\"><h3><strong>2022<\/strong><\/h3>\n<\/div><\/div><div class=\"et_pb_accordion_0 et_pb_accordion et_pb_module et_flex_module\"><div class=\"et_pb_accordion_item_0 et_pb_accordion_item et_pb_toggle et_pb_module et_clickable et_pb_toggle_open et_flex_module\"><h5 class=\"et_pb_toggle_title\">SNCF : un succ\u00e8s fragile \/ France culture \/ Ao\u00fbt 2022<\/h5><div class=\"et_pb_toggle_content et_flex_module\"><p>Entre augmentation du nombre de voyageurs, intenses chaleurs et manque de petites lignes, la SNCF peut-elle tenir le rythme ?<\/p>\n<p>Avec<br \/>\nPatricia Perrenes \u00c9conomiste sp\u00e9cialiste du transport ferroviaire<br \/>\nPour en parler, nous recevons ce matin le vice-pr\u00e9sident de la FNAUT (F\u00e9d\u00e9ration nationale des associations d'usagers des transports) Michel Quidort, et l'\u00e9conomiste sp\u00e9cialiste du transport ferroviaire Patricia Perrenes.<\/p>\n<p><a href=\"https:\/\/www.radiofrance.fr\/franceculture\/podcasts\/l-invite-e-des-matins-d-ete\/sncf-un-succes-et-des-doutes-8897641\">En savoir +<\/a><\/p>\n<\/div><\/div><div class=\"et_pb_accordion_item_1 et_pb_accordion_item et_pb_toggle et_pb_module et_clickable et_pb_toggle_close et_flex_module\"><h5 class=\"et_pb_toggle_title\">Peut-on se d\u00e9placer sobrement ? \/ France inter \/ Ao\u00fbt 2022<\/h5><div class=\"et_pb_toggle_content et_flex_module\"><p>Comment voyager sans polluer ? Voil\u00e0 la question que beaucoup sans doute se posent en ce 15 ao\u00fbt, assis confortablement ou non dans un avion, dans un train ou bien en voiture coinc\u00e9 dans les embouteillages. Comment conjuguer mobilit\u00e9 efficace et faible empreinte carbone?<br \/>\nComment se d\u00e9placer sobrement ? \u00c7a passe s\u00fbrement par plus de train\u2026 dont l\u2019impact carbone est n\u00e9gligeable mais qui co\u00fbte parfois les yeux de la t\u00eate\u2026 Moins d\u2019avions, mais, surtout, parce que quand on parle de mobilit\u00e9 et de bilan carbone, c\u2019est elle qui impacte le plus.<br \/>\nComment faire avec la voiture qui depuis 70 ans, s\u2019est impos\u00e9e comme le principal mode de d\u00e9placement ? Bien propuls\u00e9e par l\u2019industrie automobile qui a longtemps fait l\u2019orgueil de la nation\u2026<\/p>\n<p><a href=\"https:\/\/www.radiofrance.fr\/franceinter\/podcasts\/le-debat-de-midi\/le-debat-de-midi-du-lundi-15-aout-2022-2233264\">En savoir +<\/a><\/p>\n<\/div><\/div><\/div><\/div><\/div><\/div><\/div><\/div>","protected":false},"excerpt":{"rendered":"","protected":false},"author":4,"featured_media":0,"parent":0,"menu_order":0,"comment_status":"closed","ping_status":"closed","template":"","meta":{"_acf_changed":false,"footnotes":""},"class_list":["post-5851","page","type-page","status-publish","hentry"],"acf":[],"yoast_head":"<!-- This site is optimized with the Yoast SEO plugin v27.5 - https:\/\/yoast.com\/product\/yoast-seo-wordpress\/ -->\n<title>D\u00e9bats - Dromolib - Agence locale de mobilit\u00e9<\/title>\n<meta name=\"robots\" content=\"index, follow, max-snippet:-1, max-image-preview:large, max-video-preview:-1\" \/>\n<link rel=\"canonical\" href=\"https:\/\/mmlq.fr\/dromolib\/debats\/\" \/>\n<meta property=\"og:locale\" content=\"fr_FR\" \/>\n<meta property=\"og:type\" content=\"article\" \/>\n<meta property=\"og:title\" content=\"D\u00e9bats - Dromolib - Agence locale de mobilit\u00e9\" \/>\n<meta property=\"og:url\" content=\"https:\/\/mmlq.fr\/dromolib\/debats\/\" \/>\n<meta property=\"og:site_name\" content=\"Dromolib - Agence locale de mobilit\u00e9\" \/>\n<meta property=\"article:publisher\" content=\"https:\/\/www.facebook.com\/Dromolib26\" \/>\n<meta property=\"article:modified_time\" content=\"2025-10-08T20:36:39+00:00\" \/>\n<meta name=\"twitter:card\" content=\"summary_large_image\" \/>\n<meta name=\"twitter:label1\" content=\"Dur\u00e9e de lecture estim\u00e9e\" \/>\n\t<meta name=\"twitter:data1\" content=\"2 minutes\" \/>\n<script type=\"application\/ld+json\" class=\"yoast-schema-graph\">{\"@context\":\"https:\\\/\\\/schema.org\",\"@graph\":[{\"@type\":\"WebPage\",\"@id\":\"https:\\\/\\\/mmlq.fr\\\/dromolib\\\/debats\\\/\",\"url\":\"https:\\\/\\\/mmlq.fr\\\/dromolib\\\/debats\\\/\",\"name\":\"D\u00e9bats - Dromolib - Agence locale de mobilit\u00e9\",\"isPartOf\":{\"@id\":\"https:\\\/\\\/dromolib.fr\\\/#website\"},\"datePublished\":\"2023-11-22T15:27:17+00:00\",\"dateModified\":\"2025-10-08T20:36:39+00:00\",\"breadcrumb\":{\"@id\":\"https:\\\/\\\/mmlq.fr\\\/dromolib\\\/debats\\\/#breadcrumb\"},\"inLanguage\":\"fr-FR\",\"potentialAction\":[{\"@type\":\"ReadAction\",\"target\":[\"https:\\\/\\\/mmlq.fr\\\/dromolib\\\/debats\\\/\"]}]},{\"@type\":\"BreadcrumbList\",\"@id\":\"https:\\\/\\\/mmlq.fr\\\/dromolib\\\/debats\\\/#breadcrumb\",\"itemListElement\":[{\"@type\":\"ListItem\",\"position\":1,\"name\":\"Accueil\",\"item\":\"https:\\\/\\\/mmlq.fr\\\/dromolib\\\/\"},{\"@type\":\"ListItem\",\"position\":2,\"name\":\"D\u00e9bats\"}]},{\"@type\":\"WebSite\",\"@id\":\"https:\\\/\\\/dromolib.fr\\\/#website\",\"url\":\"https:\\\/\\\/dromolib.fr\\\/\",\"name\":\"Dromolib - Agence locale de mobilit\u00e9\",\"description\":\"Se d\u00e9placer durablement en territoire rural (Dr\u00f4me et alentours)\",\"potentialAction\":[{\"@type\":\"SearchAction\",\"target\":{\"@type\":\"EntryPoint\",\"urlTemplate\":\"https:\\\/\\\/dromolib.fr\\\/?s={search_term_string}\"},\"query-input\":{\"@type\":\"PropertyValueSpecification\",\"valueRequired\":true,\"valueName\":\"search_term_string\"}}],\"inLanguage\":\"fr-FR\"}]}<\/script>\n<!-- \/ Yoast SEO plugin. -->","yoast_head_json":{"title":"D\u00e9bats - Dromolib - Agence locale de mobilit\u00e9","robots":{"index":"index","follow":"follow","max-snippet":"max-snippet:-1","max-image-preview":"max-image-preview:large","max-video-preview":"max-video-preview:-1"},"canonical":"https:\/\/mmlq.fr\/dromolib\/debats\/","og_locale":"fr_FR","og_type":"article","og_title":"D\u00e9bats - Dromolib - Agence locale de mobilit\u00e9","og_url":"https:\/\/mmlq.fr\/dromolib\/debats\/","og_site_name":"Dromolib - Agence locale de mobilit\u00e9","article_publisher":"https:\/\/www.facebook.com\/Dromolib26","article_modified_time":"2025-10-08T20:36:39+00:00","twitter_card":"summary_large_image","twitter_misc":{"Dur\u00e9e de lecture estim\u00e9e":"2 minutes"},"schema":{"@context":"https:\/\/schema.org","@graph":[{"@type":"WebPage","@id":"https:\/\/mmlq.fr\/dromolib\/debats\/","url":"https:\/\/mmlq.fr\/dromolib\/debats\/","name":"D\u00e9bats - Dromolib - Agence locale de mobilit\u00e9","isPartOf":{"@id":"https:\/\/dromolib.fr\/#website"},"datePublished":"2023-11-22T15:27:17+00:00","dateModified":"2025-10-08T20:36:39+00:00","breadcrumb":{"@id":"https:\/\/mmlq.fr\/dromolib\/debats\/#breadcrumb"},"inLanguage":"fr-FR","potentialAction":[{"@type":"ReadAction","target":["https:\/\/mmlq.fr\/dromolib\/debats\/"]}]},{"@type":"BreadcrumbList","@id":"https:\/\/mmlq.fr\/dromolib\/debats\/#breadcrumb","itemListElement":[{"@type":"ListItem","position":1,"name":"Accueil","item":"https:\/\/mmlq.fr\/dromolib\/"},{"@type":"ListItem","position":2,"name":"D\u00e9bats"}]},{"@type":"WebSite","@id":"https:\/\/dromolib.fr\/#website","url":"https:\/\/dromolib.fr\/","name":"Dromolib - Agence locale de mobilit\u00e9","description":"Se d\u00e9placer durablement en territoire rural (Dr\u00f4me et alentours)","potentialAction":[{"@type":"SearchAction","target":{"@type":"EntryPoint","urlTemplate":"https:\/\/dromolib.fr\/?s={search_term_string}"},"query-input":{"@type":"PropertyValueSpecification","valueRequired":true,"valueName":"search_term_string"}}],"inLanguage":"fr-FR"}]}},"_links":{"self":[{"href":"https:\/\/mmlq.fr\/dromolib\/wp-json\/wp\/v2\/pages\/5851","targetHints":{"allow":["GET"]}}],"collection":[{"href":"https:\/\/mmlq.fr\/dromolib\/wp-json\/wp\/v2\/pages"}],"about":[{"href":"https:\/\/mmlq.fr\/dromolib\/wp-json\/wp\/v2\/types\/page"}],"author":[{"embeddable":true,"href":"https:\/\/mmlq.fr\/dromolib\/wp-json\/wp\/v2\/users\/4"}],"replies":[{"embeddable":true,"href":"https:\/\/mmlq.fr\/dromolib\/wp-json\/wp\/v2\/comments?post=5851"}],"version-history":[{"count":1,"href":"https:\/\/mmlq.fr\/dromolib\/wp-json\/wp\/v2\/pages\/5851\/revisions"}],"predecessor-version":[{"id":9275,"href":"https:\/\/mmlq.fr\/dromolib\/wp-json\/wp\/v2\/pages\/5851\/revisions\/9275"}],"wp:attachment":[{"href":"https:\/\/mmlq.fr\/dromolib\/wp-json\/wp\/v2\/media?parent=5851"}],"curies":[{"name":"wp","href":"https:\/\/api.w.org\/{rel}","templated":true}]}}