{"id":5832,"date":"2023-11-22T16:10:52","date_gmt":"2023-11-22T15:10:52","guid":{"rendered":"https:\/\/mmlq.fr\/dromolib\/?page_id=5832"},"modified":"2025-10-08T22:36:39","modified_gmt":"2025-10-08T20:36:39","slug":"etudes","status":"publish","type":"page","link":"https:\/\/mmlq.fr\/dromolib\/etudes\/","title":{"rendered":"Etudes"},"content":{"rendered":"<div class=\"et_pb_section_0 et_pb_section et_pb_fullwidth_section et_section_regular et_block_section\"><div class=\"et_pb_fullwidth_post_title_0 et_pb_post_title et_pb_image_below et_pb_bg_layout_light et_pb_module\"><div class=\"et_pb_title_container\"><h1 class=\"entry-title\">Etudes<\/h1><\/div><\/div><\/div><div class=\"et_pb_section_1 et_pb_section et_section_specialty et_pb_gutters3 et_block_section\"><div class=\"et_pb_row et_pb_row-1-4_3-4 et_block_row\"><div class=\"et_pb_column_0 et_pb_column et_pb_column_single et_pb_column_1_4 et_block_column et_pb_css_mix_blend_mode_passthrough\"><div class=\"et_pb_menu_0 et_pb_menu et_pb_menu--without-logo et_pb_menu--style-left_aligned et_dropdown_animation_fade et_pb_bg_layout_light et_pb_text_align_right-tablet et_pb_text_align_right-phone et_pb_module et_flex_module\"><div class=\"et_pb_menu_inner_container et_flex_module\"><div class=\"et_pb_menu__wrap\"><div class=\"et_pb_menu__menu\"><nav class=\"et-menu-nav\"><ul id=\"menu-observatoire\" class=\"et-menu nav downwards\"><li id=\"menu-item-5864\" class=\"et_pb_menu_page_id-5832 menu-item menu-item-type-post_type menu-item-object-page menu-item-has-children menu-item-5864\"><a href=\"https:\/\/mmlq.fr\/dromolib\/etudes\/\">Etudes<\/a>\n<ul class=\"sub-menu\">\n\t<li id=\"menu-item-5885\" class=\"et_pb_menu_page_id-5885 menu-item menu-item-type-custom menu-item-object-custom menu-item-5885\"><a href=\"https:\/\/mmlq.fr\/dromolib\/etudes\/#etudes2015\">2015<\/a><\/li>\n\t<li id=\"menu-item-5888\" class=\"et_pb_menu_page_id-5888 menu-item menu-item-type-custom menu-item-object-custom menu-item-5888\"><a href=\"https:\/\/mmlq.fr\/dromolib\/etudes\/#etudes2021\">2021<\/a><\/li>\n\t<li id=\"menu-item-5890\" class=\"et_pb_menu_page_id-5890 menu-item menu-item-type-custom menu-item-object-custom menu-item-5890\"><a href=\"https:\/\/mmlq.fr\/dromolib\/etudes\/#etudes2022\">2022<\/a><\/li>\n<\/ul>\n<\/li>\n<li id=\"menu-item-5865\" class=\"et_pb_menu_page_id-5799 menu-item menu-item-type-post_type menu-item-object-page menu-item-has-children menu-item-5865\"><a href=\"https:\/\/mmlq.fr\/dromolib\/lois\/\">Lois<\/a>\n<ul class=\"sub-menu\">\n\t<li id=\"menu-item-5917\" class=\"et_pb_menu_page_id-5917 menu-item menu-item-type-custom menu-item-object-custom menu-item-5917\"><a href=\"https:\/\/mmlq.fr\/dromolib\/lois\/#lois2021\">2021<\/a><\/li>\n\t<li id=\"menu-item-5919\" class=\"et_pb_menu_page_id-5919 menu-item menu-item-type-custom menu-item-object-custom menu-item-5919\"><a href=\"https:\/\/mmlq.fr\/dromolib\/lois\/#lois2022\">2022<\/a><\/li>\n<\/ul>\n<\/li>\n<li id=\"menu-item-5863\" class=\"et_pb_menu_page_id-5837 menu-item menu-item-type-post_type menu-item-object-page menu-item-has-children menu-item-5863\"><a href=\"https:\/\/mmlq.fr\/dromolib\/chiffres-cles\/\">Chiffres cl\u00e9s<\/a>\n<ul class=\"sub-menu\">\n\t<li id=\"menu-item-5873\" class=\"et_pb_menu_page_id-5873 menu-item menu-item-type-custom menu-item-object-custom menu-item-5873\"><a href=\"https:\/\/mmlq.fr\/dromolib\/chiffres-cles\/#chiffres2020\">2020<\/a><\/li>\n\t<li id=\"menu-item-5879\" class=\"et_pb_menu_page_id-5879 menu-item menu-item-type-custom menu-item-object-custom menu-item-5879\"><a href=\"https:\/\/mmlq.fr\/dromolib\/chiffres-cles\/#chiffres2022\">2022<\/a><\/li>\n<\/ul>\n<\/li>\n<li id=\"menu-item-5862\" class=\"et_pb_menu_page_id-5846 menu-item menu-item-type-post_type menu-item-object-page menu-item-has-children menu-item-5862\"><a href=\"https:\/\/mmlq.fr\/dromolib\/fiches-techniques\/\">Fiches techniques<\/a>\n<ul class=\"sub-menu\">\n\t<li id=\"menu-item-5907\" class=\"et_pb_menu_page_id-5907 menu-item menu-item-type-custom menu-item-object-custom menu-item-5907\"><a href=\"https:\/\/mmlq.fr\/dromolib\/fiches-techniques\/#technique2022\">2022<\/a><\/li>\n<\/ul>\n<\/li>\n<li id=\"menu-item-5861\" class=\"et_pb_menu_page_id-5851 menu-item menu-item-type-post_type menu-item-object-page menu-item-has-children menu-item-5861\"><a href=\"https:\/\/mmlq.fr\/dromolib\/debats\/\">D\u00e9bats<\/a>\n<ul class=\"sub-menu\">\n\t<li id=\"menu-item-5882\" class=\"et_pb_menu_page_id-5882 menu-item menu-item-type-custom menu-item-object-custom menu-item-5882\"><a href=\"https:\/\/mmlq.fr\/dromolib\/debats\/#debats2022\">2022<\/a><\/li>\n<\/ul>\n<\/li>\n<li id=\"menu-item-5860\" class=\"et_pb_menu_page_id-5855 menu-item menu-item-type-post_type menu-item-object-page menu-item-has-children menu-item-5860\"><a href=\"https:\/\/mmlq.fr\/dromolib\/initiatives\/\">Initiatives<\/a>\n<ul class=\"sub-menu\">\n\t<li id=\"menu-item-5911\" class=\"et_pb_menu_page_id-5911 menu-item menu-item-type-custom menu-item-object-custom menu-item-5911\"><a href=\"https:\/\/mmlq.fr\/dromolib\/initiatives\/#initiatives2019\">2019<\/a><\/li>\n\t<li id=\"menu-item-5912\" class=\"et_pb_menu_page_id-5912 menu-item menu-item-type-custom menu-item-object-custom menu-item-5912\"><a href=\"https:\/\/mmlq.fr\/dromolib\/initiatives\/#initiatives2020\">2020<\/a><\/li>\n\t<li id=\"menu-item-5913\" class=\"et_pb_menu_page_id-5913 menu-item menu-item-type-custom menu-item-object-custom menu-item-5913\"><a href=\"https:\/\/mmlq.fr\/dromolib\/initiatives\/#initiatives2021\">2021<\/a><\/li>\n\t<li id=\"menu-item-5914\" class=\"et_pb_menu_page_id-5914 menu-item menu-item-type-custom menu-item-object-custom menu-item-5914\"><a href=\"https:\/\/mmlq.fr\/dromolib\/initiatives\/#initiatives2022\">2022<\/a><\/li>\n<\/ul>\n<\/li>\n<\/ul><\/nav><\/div><div class=\"et_mobile_nav_menu\"><div class=\"mobile_nav closed\"><span class=\"mobile_menu_bar\"><\/span><\/div><\/div><\/div><\/div><\/div><\/div><div class=\"et_pb_column_1 et_pb_column et_pb_specialty_column et_pb_column_3_4 et-last-child et_block_column et_pb_css_mix_blend_mode_passthrough\"><div class=\"et_pb_row_inner_1 et_pb_row_inner et_block_row\"><div class=\"et_pb_column_inner_1 et_pb_column_inner et_pb_column et_pb_column_4_4 et-last-child et_block_column et_pb_css_mix_blend_mode_passthrough\"><div class=\"et_pb_text_1 et_pb_text et_pb_bg_layout_dark et_pb_module et_flex_module\" id=\"etudes2022\"><div class=\"et_pb_text_inner\"><h3><strong>2022<\/strong><\/h3>\n<\/div><\/div><div class=\"et_pb_accordion_1 et_pb_accordion et_pb_module et_flex_module\"><div class=\"et_pb_accordion_item_13 et_pb_accordion_item et_pb_toggle et_pb_module et_clickable et_pb_toggle_open et_flex_module\"><h5 class=\"et_pb_toggle_title\">Investir plus et mieux dans les mobilit\u00e9s pour r\u00e9ussir dans les mobilit\u00e9s pour r\u00e9ussir leur transition \/ Minist\u00e8re charg\u00e9 des transports \/D\u00e9cembre 2022<\/h5><div class=\"et_pb_toggle_content et_flex_module\"><p>Rapport de synth\u00e8se : strat\u00e9gie 2023-2042 et proposition de programmation. Rapport \u00e9tabli par les membre du Conseil d'orientation des infrastructures.<\/p>\n<p><a href=\"https:\/\/www.ecologie.gouv.fr\/sites\/default\/files\/COI_2022_Programmation_Rapport_de_synthese.pdf\">En savoir +<\/a><\/p>\n<\/div><\/div><div class=\"et_pb_accordion_item_14 et_pb_accordion_item et_pb_toggle et_pb_module et_clickable et_pb_toggle_close et_flex_module\"><h5 class=\"et_pb_toggle_title\">L'accessibilit\u00e9 des transports collectifs \/ Minist\u00e8re de la Transition Ecologique et de la Coh\u00e9sion des territoires \/ D\u00e9cembre 2022<\/h5><div class=\"et_pb_toggle_content et_flex_module\"><p>L'accessibilit\u00e9 des transports repose sur la mise en oeuvre d'une part, des sch\u00e9mas directeurs d'accessibilit\u00e9 - agendas d'accessibilit\u00e9 programm\u00e9e (SD'AP) et d'autre part, des mesures de la Loi d'Orientation des Mobilit\u00e9 (LOM) du 24 d\u00e9cembre 2019. Les Sd'AP sont un instrument de politique publique qui pouvait \u00eatre volontairement mobilis\u00e9 par les autorit\u00e9s organisatrices de transport pour poursuivre, apr\u00e8s le 13 f\u00e9vrier 2015, leur programme de mise en accessibilit\u00e9 de leurs r\u00e9seaux de bus, cars et trains. Les mesures de la LOM sont principalement ax\u00e9es sur les facilit\u00e9s d'usage de cette accessibilit\u00e9 : tarifs sp\u00e9ciaux pour les accompagnateurs, collecte des donn\u00e9es accessibilit\u00e9 des transports et de la voirie pour informer les voyageurs...<\/p>\n<p><a href=\"https:\/\/www.ecologie.gouv.fr\/laccessibilite-des-transports-collectifs#scroll-nav__1\">En savoir +<\/a><\/p>\n<\/div><\/div><div class=\"et_pb_accordion_item_15 et_pb_accordion_item et_pb_toggle et_pb_module et_pb_toggle_close et_flex_module\"><h5 class=\"et_pb_toggle_title\">Comment prendre en compte l'\u00e9volution du rythme de vie dans les villes moyenns ? \/ ANCT \/ Novembre 2022<\/h5><div class=\"et_pb_toggle_content et_flex_module\"><p>Exemples et d\u00e9marches vers une ville respectueuse des rythmes de vie.<\/p>\n<p><a href=\"https:\/\/agence-cohesion-territoires.gouv.fr\/sites\/default\/files\/2022-12\/ANCT-Comment%20prendre%20en%20compte_www%20%281%29.pdf\">En savoir +<\/a><\/p>\n<\/div><\/div><div class=\"et_pb_accordion_item_16 et_pb_accordion_item et_pb_toggle et_pb_module et_clickable et_pb_toggle_close et_flex_module\"><h5 class=\"et_pb_toggle_title\">Repenser la place du stationnement pour un espace public r\u00e9appropri\u00e9 \/ Indiggo \/ Septembre 2022<\/h5><div class=\"et_pb_toggle_content et_flex_module\"><p>[En France, 80% de la voirie est r\u00e9serv\u00e9e \u00e0 la voiture<a href=\"https:\/\/blog.inddigo.com\/penser-le-changement\/repenser-la-place-du-stationnement-pour-un-espace-public-reapproprie-1812\/#_ftn1\" name=\"_ftnref1\"><sup>[1]<\/sup><\/a>\u00a0(espaces de circulation et de stationnement), bien que celle-ci ne soit utilis\u00e9e que 10% du temps<sup><a href=\"https:\/\/blog.inddigo.com\/penser-le-changement\/repenser-la-place-du-stationnement-pour-un-espace-public-reapproprie-1812\/#_ftn2\" name=\"_ftnref2\">[2]<\/a><\/sup>. L\u2019espace public est ainsi devenu une ressource rare, o\u00f9 chacun des usages tente de trouver sa place (mobilit\u00e9s alternatives, espaces de convivialit\u00e9, animations, etc.).<\/p>\n<p>Dans un souci de r\u00e9\u00e9quilibrer le partage de l\u2019espace public et pour r\u00e9pondre aux enjeux environnementaux, climatiques et soci\u00e9taux, la place du stationnement telle que nous la connaissons, doit notamment \u00eatre repens\u00e9e.]<\/p>\n<p><a href=\"https:\/\/blog.inddigo.com\/penser-le-changement\/repenser-la-place-du-stationnement-pour-un-espace-public-reapproprie-1812\/\">En savoir +<\/a><\/p>\n<\/div><\/div><div class=\"et_pb_accordion_item_17 et_pb_accordion_item et_pb_toggle et_pb_module et_pb_toggle_close et_flex_module\"><h5 class=\"et_pb_toggle_title\">Stationnements v\u00e9los et logement social : des pistes pour d\u00e9velopper l'offre dans les quartiers populaires\/ Acad\u00e9mie des Mobilit\u00e9s Actives \/ Juillet 2022<\/h5><div class=\"et_pb_toggle_content et_flex_module\"><p>Analyse des freins et opportunit\u00e9s pour renforcer l'acc\u00e8s aux stationnements v\u00e9los dans le parc social.<\/p>\n<p><a href=\"https:\/\/back-office.mobilites-actives.fr\/uploads\/ET_stationnement_logement_social_V2_03b7ccde25.pdf\">En savoir +<\/a><\/p>\n<\/div><\/div><div class=\"et_pb_accordion_item_18 et_pb_accordion_item et_pb_toggle et_pb_module et_clickable et_pb_toggle_close et_flex_module\"><h5 class=\"et_pb_toggle_title\">Encourager et accompagner la mobilit\u00e9 v\u00e9lo des coll\u00e9giens et des lyc\u00e9ens \/ ADEME \/ Septembre 2022<\/h5><div class=\"et_pb_toggle_content et_flex_module\"><p>\"Dans le contexte actuel du changement climatique et l'urgence d'agir sur nos comportements au quotidien, cette \u00e9tude sur la mobilit\u00e9 cyclable des coll\u00e9giens et des lyc\u00e9ens, dresse un \u00e9tat des lieux national et donne des solutions concr\u00e8tes pour accompagner et d\u00e9velopper la pratique cyclable chez ce public. [...]\"<\/p>\n<p><a href=\"https:\/\/librairie.ademe.fr\/mobilite-et-transport\/5801-encourager-et-accompagner-la-mobilite-a-velo-des-collegiens-et-des-lyceens.html\">En savoir +<\/a><\/p>\n<\/div><\/div><div class=\"et_pb_accordion_item_19 et_pb_accordion_item et_pb_toggle et_pb_module et_pb_toggle_close et_flex_module\"><h5 class=\"et_pb_toggle_title\">D\u00e9couvrir l'Observatoire national du covoiturage au quotidien \/ Observatoire du covoiturage \/ 02\/02\/2022<\/h5><div class=\"et_pb_toggle_content et_flex_module\"><p>Webinaire de pr\u00e9sentation de l'Observatoire national du covoiturage au quotidien. Ses tenants et aboutissants.<\/p>\n<p><a href=\"https:\/\/drive.google.com\/file\/d\/1yQTkCnMCYFSaFZvWQFNgEmLeP54j8geQ\/view\">En savoir +<\/a><\/p>\n<\/div><\/div><\/div><\/div><\/div><div class=\"et_pb_row_inner_2 et_pb_row_inner et_block_row\"><div class=\"et_pb_column_inner_2 et_pb_column_inner et_pb_column et_pb_column_4_4 et-last-child et_block_column et_pb_css_mix_blend_mode_passthrough\"><div class=\"et_pb_text_2 et_pb_text et_pb_bg_layout_dark et_pb_module et_flex_module\" id=\"etudes2021\"><div class=\"et_pb_text_inner\"><h3><strong>2021<\/strong><\/h3>\n<\/div><\/div><div class=\"et_pb_accordion_2 et_pb_accordion et_pb_module et_flex_module\"><div class=\"et_pb_accordion_item_20 et_pb_accordion_item et_pb_toggle et_pb_module et_pb_toggle_open et_flex_module\"><h5 class=\"et_pb_toggle_title\">Principes et bonnes pratiques pour le d\u00e9veloppement d'usages v\u00e9lo en milieu p\u00e9ri-urbain et rural \/ Banque des Territoires \/ 26\/10\/2021<\/h5><div class=\"et_pb_toggle_content et_flex_module\"><p>Compte rendu de la Webconf\u00e9rence du 22 Octobre 2021.<\/p>\n<p>La webconf\u00e9rence recense les apports d'une politique en faveur du v\u00e9lo pour les territoires ruraux et p\u00e9riurbains. La s\u00e9ance re revient rapidement sur le cadre de la comp\u00e9tence permettant aux collectivit\u00e9s locales d'agir en la mati\u00e8re. Elle identifie les bonnes pratiques en termes d'am\u00e9nagement et les services \u00e0 m\u00eame de soutenir la pratique du v\u00e9lo dans les zones peu denses. <strong><em>Source<\/em><\/strong> : Banque des Territoires<\/p>\n<p><a href=\"https:\/\/www.banquedesterritoires.fr\/principes-et-bonnes-pratiques-pour-le-developpement-dusages-velo-en-milieu-peri-urbain-et-rural-0?pk_campaign=newsletter_tc&amp;pk_kwd=2022-01-06&amp;pk_source=Territoires_Conseils&amp;pk_medium=newsletter_tc\">En savoir +<\/a><\/p>\n<\/div><\/div><\/div><\/div><\/div><div class=\"et_pb_row_inner_3 et_pb_row_inner et_block_row\"><div class=\"et_pb_column_inner_3 et_pb_column_inner et_pb_column et_pb_column_4_4 et-last-child et_block_column et_pb_css_mix_blend_mode_passthrough\"><div class=\"et_pb_text_3 et_pb_text et_pb_bg_layout_dark et_pb_module et_flex_module\" id=\"etudes2015\"><div class=\"et_pb_text_inner\"><h3><strong>2015<\/strong><\/h3>\n<\/div><\/div><div class=\"et_pb_accordion_3 et_pb_accordion et_pb_module et_flex_module\"><div class=\"et_pb_accordion_item_21 et_pb_accordion_item et_pb_toggle et_pb_module et_pb_toggle_open et_flex_module\"><h5 class=\"et_pb_toggle_title\">Sch\u00e9ma Directeur Cyclables dr\u00f4mois 2015 - 2020 \/D\u00e9partement de la Dr\u00f4me \/ 2015<\/h5><div class=\"et_pb_toggle_content et_flex_module\"><p>Planification de l'am\u00e9nagement et les axes d'actions en faveur du v\u00e9lo sur le d\u00e9partement de la Dr\u00f4me.<\/p>\n<p><a href=\"https:\/\/www.ladrome.fr\/wp-content\/uploads\/2019\/07\/schema-velo.pdf\">En savoir +<\/a><\/p>\n<\/div><\/div><\/div><\/div><\/div><\/div><\/div><\/div>","protected":false},"excerpt":{"rendered":"","protected":false},"author":4,"featured_media":0,"parent":0,"menu_order":0,"comment_status":"closed","ping_status":"closed","template":"","meta":{"_acf_changed":false,"footnotes":""},"class_list":["post-5832","page","type-page","status-publish","hentry"],"acf":[],"yoast_head":"<!-- This site is optimized with the Yoast SEO plugin v27.5 - https:\/\/yoast.com\/product\/yoast-seo-wordpress\/ -->\n<title>Etudes - Dromolib - Agence locale de mobilit\u00e9<\/title>\n<meta name=\"robots\" content=\"index, follow, max-snippet:-1, max-image-preview:large, max-video-preview:-1\" \/>\n<link rel=\"canonical\" href=\"https:\/\/mmlq.fr\/dromolib\/etudes\/\" \/>\n<meta property=\"og:locale\" content=\"fr_FR\" \/>\n<meta property=\"og:type\" content=\"article\" \/>\n<meta property=\"og:title\" content=\"Etudes - Dromolib - Agence locale de mobilit\u00e9\" \/>\n<meta property=\"og:url\" content=\"https:\/\/mmlq.fr\/dromolib\/etudes\/\" \/>\n<meta property=\"og:site_name\" content=\"Dromolib - Agence locale de mobilit\u00e9\" \/>\n<meta property=\"article:publisher\" content=\"https:\/\/www.facebook.com\/Dromolib26\" \/>\n<meta property=\"article:modified_time\" content=\"2025-10-08T20:36:39+00:00\" \/>\n<meta name=\"twitter:card\" content=\"summary_large_image\" \/>\n<meta name=\"twitter:label1\" content=\"Dur\u00e9e de lecture estim\u00e9e\" \/>\n\t<meta name=\"twitter:data1\" content=\"4 minutes\" \/>\n<script type=\"application\/ld+json\" class=\"yoast-schema-graph\">{\"@context\":\"https:\\\/\\\/schema.org\",\"@graph\":[{\"@type\":\"WebPage\",\"@id\":\"https:\\\/\\\/mmlq.fr\\\/dromolib\\\/etudes\\\/\",\"url\":\"https:\\\/\\\/mmlq.fr\\\/dromolib\\\/etudes\\\/\",\"name\":\"Etudes - Dromolib - Agence locale de mobilit\u00e9\",\"isPartOf\":{\"@id\":\"https:\\\/\\\/dromolib.fr\\\/#website\"},\"datePublished\":\"2023-11-22T15:10:52+00:00\",\"dateModified\":\"2025-10-08T20:36:39+00:00\",\"breadcrumb\":{\"@id\":\"https:\\\/\\\/mmlq.fr\\\/dromolib\\\/etudes\\\/#breadcrumb\"},\"inLanguage\":\"fr-FR\",\"potentialAction\":[{\"@type\":\"ReadAction\",\"target\":[\"https:\\\/\\\/mmlq.fr\\\/dromolib\\\/etudes\\\/\"]}]},{\"@type\":\"BreadcrumbList\",\"@id\":\"https:\\\/\\\/mmlq.fr\\\/dromolib\\\/etudes\\\/#breadcrumb\",\"itemListElement\":[{\"@type\":\"ListItem\",\"position\":1,\"name\":\"Accueil\",\"item\":\"https:\\\/\\\/mmlq.fr\\\/dromolib\\\/\"},{\"@type\":\"ListItem\",\"position\":2,\"name\":\"Etudes\"}]},{\"@type\":\"WebSite\",\"@id\":\"https:\\\/\\\/dromolib.fr\\\/#website\",\"url\":\"https:\\\/\\\/dromolib.fr\\\/\",\"name\":\"Dromolib - Agence locale de mobilit\u00e9\",\"description\":\"Se d\u00e9placer durablement en territoire rural (Dr\u00f4me et alentours)\",\"potentialAction\":[{\"@type\":\"SearchAction\",\"target\":{\"@type\":\"EntryPoint\",\"urlTemplate\":\"https:\\\/\\\/dromolib.fr\\\/?s={search_term_string}\"},\"query-input\":{\"@type\":\"PropertyValueSpecification\",\"valueRequired\":true,\"valueName\":\"search_term_string\"}}],\"inLanguage\":\"fr-FR\"}]}<\/script>\n<!-- \/ Yoast SEO plugin. -->","yoast_head_json":{"title":"Etudes - Dromolib - Agence locale de mobilit\u00e9","robots":{"index":"index","follow":"follow","max-snippet":"max-snippet:-1","max-image-preview":"max-image-preview:large","max-video-preview":"max-video-preview:-1"},"canonical":"https:\/\/mmlq.fr\/dromolib\/etudes\/","og_locale":"fr_FR","og_type":"article","og_title":"Etudes - Dromolib - Agence locale de mobilit\u00e9","og_url":"https:\/\/mmlq.fr\/dromolib\/etudes\/","og_site_name":"Dromolib - Agence locale de mobilit\u00e9","article_publisher":"https:\/\/www.facebook.com\/Dromolib26","article_modified_time":"2025-10-08T20:36:39+00:00","twitter_card":"summary_large_image","twitter_misc":{"Dur\u00e9e de lecture estim\u00e9e":"4 minutes"},"schema":{"@context":"https:\/\/schema.org","@graph":[{"@type":"WebPage","@id":"https:\/\/mmlq.fr\/dromolib\/etudes\/","url":"https:\/\/mmlq.fr\/dromolib\/etudes\/","name":"Etudes - Dromolib - Agence locale de mobilit\u00e9","isPartOf":{"@id":"https:\/\/dromolib.fr\/#website"},"datePublished":"2023-11-22T15:10:52+00:00","dateModified":"2025-10-08T20:36:39+00:00","breadcrumb":{"@id":"https:\/\/mmlq.fr\/dromolib\/etudes\/#breadcrumb"},"inLanguage":"fr-FR","potentialAction":[{"@type":"ReadAction","target":["https:\/\/mmlq.fr\/dromolib\/etudes\/"]}]},{"@type":"BreadcrumbList","@id":"https:\/\/mmlq.fr\/dromolib\/etudes\/#breadcrumb","itemListElement":[{"@type":"ListItem","position":1,"name":"Accueil","item":"https:\/\/mmlq.fr\/dromolib\/"},{"@type":"ListItem","position":2,"name":"Etudes"}]},{"@type":"WebSite","@id":"https:\/\/dromolib.fr\/#website","url":"https:\/\/dromolib.fr\/","name":"Dromolib - Agence locale de mobilit\u00e9","description":"Se d\u00e9placer durablement en territoire rural (Dr\u00f4me et alentours)","potentialAction":[{"@type":"SearchAction","target":{"@type":"EntryPoint","urlTemplate":"https:\/\/dromolib.fr\/?s={search_term_string}"},"query-input":{"@type":"PropertyValueSpecification","valueRequired":true,"valueName":"search_term_string"}}],"inLanguage":"fr-FR"}]}},"_links":{"self":[{"href":"https:\/\/mmlq.fr\/dromolib\/wp-json\/wp\/v2\/pages\/5832","targetHints":{"allow":["GET"]}}],"collection":[{"href":"https:\/\/mmlq.fr\/dromolib\/wp-json\/wp\/v2\/pages"}],"about":[{"href":"https:\/\/mmlq.fr\/dromolib\/wp-json\/wp\/v2\/types\/page"}],"author":[{"embeddable":true,"href":"https:\/\/mmlq.fr\/dromolib\/wp-json\/wp\/v2\/users\/4"}],"replies":[{"embeddable":true,"href":"https:\/\/mmlq.fr\/dromolib\/wp-json\/wp\/v2\/comments?post=5832"}],"version-history":[{"count":1,"href":"https:\/\/mmlq.fr\/dromolib\/wp-json\/wp\/v2\/pages\/5832\/revisions"}],"predecessor-version":[{"id":9272,"href":"https:\/\/mmlq.fr\/dromolib\/wp-json\/wp\/v2\/pages\/5832\/revisions\/9272"}],"wp:attachment":[{"href":"https:\/\/mmlq.fr\/dromolib\/wp-json\/wp\/v2\/media?parent=5832"}],"curies":[{"name":"wp","href":"https:\/\/api.w.org\/{rel}","templated":true}]}}