{"id":5799,"date":"2023-11-22T15:56:26","date_gmt":"2023-11-22T14:56:26","guid":{"rendered":"https:\/\/mmlq.fr\/dromolib\/?page_id=5799"},"modified":"2025-10-08T22:36:39","modified_gmt":"2025-10-08T20:36:39","slug":"lois","status":"publish","type":"page","link":"https:\/\/mmlq.fr\/dromolib\/lois\/","title":{"rendered":"Lois"},"content":{"rendered":"<div class=\"et_pb_section_0 et_pb_section et_pb_fullwidth_section et_section_regular et_block_section\"><div class=\"et_pb_fullwidth_post_title_0 et_pb_post_title et_pb_image_below et_pb_bg_layout_light et_pb_module\"><div class=\"et_pb_title_container\"><h1 class=\"entry-title\">Lois<\/h1><\/div><\/div><\/div><div class=\"et_pb_section_1 et_pb_section et_section_specialty et_pb_gutters3 et_block_section\"><div class=\"et_pb_row et_pb_row-1-4_3-4 et_block_row\"><div class=\"et_pb_column_0 et_pb_column et_pb_column_single et_pb_column_1_4 et_block_column et_pb_css_mix_blend_mode_passthrough\"><div class=\"et_pb_menu_0 et_pb_menu et_pb_menu--without-logo et_pb_menu--style-left_aligned et_dropdown_animation_fade et_pb_bg_layout_light et_pb_text_align_right-tablet et_pb_text_align_right-phone et_pb_module et_flex_module\"><div class=\"et_pb_menu_inner_container et_flex_module\"><div class=\"et_pb_menu__wrap\"><div class=\"et_pb_menu__menu\"><nav class=\"et-menu-nav\"><ul id=\"menu-observatoire\" class=\"et-menu nav downwards\"><li id=\"menu-item-5864\" class=\"et_pb_menu_page_id-5832 menu-item menu-item-type-post_type menu-item-object-page menu-item-has-children menu-item-5864\"><a href=\"https:\/\/mmlq.fr\/dromolib\/etudes\/\">Etudes<\/a>\n<ul class=\"sub-menu\">\n\t<li id=\"menu-item-5885\" class=\"et_pb_menu_page_id-5885 menu-item menu-item-type-custom menu-item-object-custom menu-item-5885\"><a href=\"https:\/\/mmlq.fr\/dromolib\/etudes\/#etudes2015\">2015<\/a><\/li>\n\t<li id=\"menu-item-5888\" class=\"et_pb_menu_page_id-5888 menu-item menu-item-type-custom menu-item-object-custom menu-item-5888\"><a href=\"https:\/\/mmlq.fr\/dromolib\/etudes\/#etudes2021\">2021<\/a><\/li>\n\t<li id=\"menu-item-5890\" class=\"et_pb_menu_page_id-5890 menu-item menu-item-type-custom menu-item-object-custom menu-item-5890\"><a href=\"https:\/\/mmlq.fr\/dromolib\/etudes\/#etudes2022\">2022<\/a><\/li>\n<\/ul>\n<\/li>\n<li id=\"menu-item-5865\" class=\"et_pb_menu_page_id-5799 menu-item menu-item-type-post_type menu-item-object-page menu-item-has-children menu-item-5865\"><a href=\"https:\/\/mmlq.fr\/dromolib\/lois\/\">Lois<\/a>\n<ul class=\"sub-menu\">\n\t<li id=\"menu-item-5917\" class=\"et_pb_menu_page_id-5917 menu-item menu-item-type-custom menu-item-object-custom menu-item-5917\"><a href=\"https:\/\/mmlq.fr\/dromolib\/lois\/#lois2021\">2021<\/a><\/li>\n\t<li id=\"menu-item-5919\" class=\"et_pb_menu_page_id-5919 menu-item menu-item-type-custom menu-item-object-custom menu-item-5919\"><a href=\"https:\/\/mmlq.fr\/dromolib\/lois\/#lois2022\">2022<\/a><\/li>\n<\/ul>\n<\/li>\n<li id=\"menu-item-5863\" class=\"et_pb_menu_page_id-5837 menu-item menu-item-type-post_type menu-item-object-page menu-item-has-children menu-item-5863\"><a href=\"https:\/\/mmlq.fr\/dromolib\/chiffres-cles\/\">Chiffres cl\u00e9s<\/a>\n<ul class=\"sub-menu\">\n\t<li id=\"menu-item-5873\" class=\"et_pb_menu_page_id-5873 menu-item menu-item-type-custom menu-item-object-custom menu-item-5873\"><a href=\"https:\/\/mmlq.fr\/dromolib\/chiffres-cles\/#chiffres2020\">2020<\/a><\/li>\n\t<li id=\"menu-item-5879\" class=\"et_pb_menu_page_id-5879 menu-item menu-item-type-custom menu-item-object-custom menu-item-5879\"><a href=\"https:\/\/mmlq.fr\/dromolib\/chiffres-cles\/#chiffres2022\">2022<\/a><\/li>\n<\/ul>\n<\/li>\n<li id=\"menu-item-5862\" class=\"et_pb_menu_page_id-5846 menu-item menu-item-type-post_type menu-item-object-page menu-item-has-children menu-item-5862\"><a href=\"https:\/\/mmlq.fr\/dromolib\/fiches-techniques\/\">Fiches techniques<\/a>\n<ul class=\"sub-menu\">\n\t<li id=\"menu-item-5907\" class=\"et_pb_menu_page_id-5907 menu-item menu-item-type-custom menu-item-object-custom menu-item-5907\"><a href=\"https:\/\/mmlq.fr\/dromolib\/fiches-techniques\/#technique2022\">2022<\/a><\/li>\n<\/ul>\n<\/li>\n<li id=\"menu-item-5861\" class=\"et_pb_menu_page_id-5851 menu-item menu-item-type-post_type menu-item-object-page menu-item-has-children menu-item-5861\"><a href=\"https:\/\/mmlq.fr\/dromolib\/debats\/\">D\u00e9bats<\/a>\n<ul class=\"sub-menu\">\n\t<li id=\"menu-item-5882\" class=\"et_pb_menu_page_id-5882 menu-item menu-item-type-custom menu-item-object-custom menu-item-5882\"><a href=\"https:\/\/mmlq.fr\/dromolib\/debats\/#debats2022\">2022<\/a><\/li>\n<\/ul>\n<\/li>\n<li id=\"menu-item-5860\" class=\"et_pb_menu_page_id-5855 menu-item menu-item-type-post_type menu-item-object-page menu-item-has-children menu-item-5860\"><a href=\"https:\/\/mmlq.fr\/dromolib\/initiatives\/\">Initiatives<\/a>\n<ul class=\"sub-menu\">\n\t<li id=\"menu-item-5911\" class=\"et_pb_menu_page_id-5911 menu-item menu-item-type-custom menu-item-object-custom menu-item-5911\"><a href=\"https:\/\/mmlq.fr\/dromolib\/initiatives\/#initiatives2019\">2019<\/a><\/li>\n\t<li id=\"menu-item-5912\" class=\"et_pb_menu_page_id-5912 menu-item menu-item-type-custom menu-item-object-custom menu-item-5912\"><a href=\"https:\/\/mmlq.fr\/dromolib\/initiatives\/#initiatives2020\">2020<\/a><\/li>\n\t<li id=\"menu-item-5913\" class=\"et_pb_menu_page_id-5913 menu-item menu-item-type-custom menu-item-object-custom menu-item-5913\"><a href=\"https:\/\/mmlq.fr\/dromolib\/initiatives\/#initiatives2021\">2021<\/a><\/li>\n\t<li id=\"menu-item-5914\" class=\"et_pb_menu_page_id-5914 menu-item menu-item-type-custom menu-item-object-custom menu-item-5914\"><a href=\"https:\/\/mmlq.fr\/dromolib\/initiatives\/#initiatives2022\">2022<\/a><\/li>\n<\/ul>\n<\/li>\n<\/ul><\/nav><\/div><div class=\"et_mobile_nav_menu\"><div class=\"mobile_nav closed\"><span class=\"mobile_menu_bar\"><\/span><\/div><\/div><\/div><\/div><\/div><\/div><div class=\"et_pb_column_1 et_pb_column et_pb_specialty_column et_pb_column_3_4 et-last-child et_block_column et_pb_css_mix_blend_mode_passthrough\"><div class=\"et_pb_row_inner_0 et_pb_row_inner et_block_row\"><div class=\"et_pb_column_inner_0 et_pb_column_inner et_pb_column et_pb_column_4_4 et-last-child et_block_column et_pb_css_mix_blend_mode_passthrough\"><div class=\"et_pb_text_0 et_pb_text et_pb_bg_layout_dark et_pb_module et_flex_module\" id=\"lois2022\"><div class=\"et_pb_text_inner\"><h3><strong>2022<\/strong><\/h3>\n<\/div><\/div><div class=\"et_pb_accordion_0 et_pb_accordion et_pb_module et_flex_module\"><div class=\"et_pb_accordion_item_0 et_pb_accordion_item et_pb_toggle et_pb_module et_clickable et_pb_toggle_open et_flex_module\"><h5 class=\"et_pb_toggle_title\">Fonction publique : le forfait mobilit\u00e9s durables est \u00e9tendu \/Service-public.fr \/ 16\/12\/2022<\/h5><div class=\"et_pb_toggle_content et_flex_module\"><p>Le forfait mobilit\u00e9s durables dans les trois versants de la Fonction publique est \u00e9tendu \u00e0 l\u2019utilisation d\u2019autres services de mobilit\u00e9 partag\u00e9e que le covoiturage, \u00e0 l'usage d'un engin de d\u00e9placement personnel motoris\u00e9 et au cumul de ce forfait avec le remboursement partiel d\u2019un abonnement de transport en commun de mani\u00e8re r\u00e9troactive au 1<sup>er<\/sup>\u00a0septembre\u00a02022. C'est ce que pr\u00e9cisent trois d\u00e9crets publi\u00e9s au\u00a0<span class=\"expression\"><em>Journal officiel\u00a0<\/em><\/span>du 14\u00a0d\u00e9cembre\u00a02022. Un arr\u00eat\u00e9 porte son montant maximal \u00e0 300\u00a0euros.<\/p>\n<p><a href=\"https:\/\/www.service-public.fr\/particuliers\/actualites\/A16223\">En savoir +<\/a><\/p>\n<\/div><\/div><div class=\"et_pb_accordion_item_1 et_pb_accordion_item et_pb_toggle et_pb_module et_clickable et_pb_toggle_close et_flex_module\"><h5 class=\"et_pb_toggle_title\">Accord relatif \u00e0 la mis en oeuvre du t\u00e9l\u00e9travail dans la fonction publique\/L\u00e9gifrance \/ 03\/04\/2022<\/h5><div class=\"et_pb_toggle_content et_flex_module\"><p><a href=\"https:\/\/www.legifrance.gouv.fr\/jorf\/id\/JORFTEXT000045464407\">En savoir +<\/a><\/p>\n<\/div><\/div><\/div><\/div><\/div><div class=\"et_pb_row_inner_1 et_pb_row_inner et_block_row\"><div class=\"et_pb_column_inner_1 et_pb_column_inner et_pb_column et_pb_column_4_4 et-last-child et_block_column et_pb_css_mix_blend_mode_passthrough\"><div class=\"et_pb_text_1 et_pb_text et_pb_bg_layout_dark et_pb_module et_flex_module\" id=\"lois2021\"><div class=\"et_pb_text_inner\"><h3><strong>2021<\/strong><\/h3>\n<\/div><\/div><div class=\"et_pb_accordion_1 et_pb_accordion et_pb_module et_flex_module\"><div class=\"et_pb_accordion_item_2 et_pb_accordion_item et_pb_toggle et_pb_module et_pb_toggle_open et_flex_module\"><h5 class=\"et_pb_toggle_title\">D\u00e9cret relatif aux publicit\u00e9s en faveur des v\u00e9hicules \u00e0 moteur \/ Minist\u00e8re de la Transition Ecologique \/ 28\/12\/2021<\/h5><div class=\"et_pb_toggle_content et_flex_module\"><p>Obligation de mention de la classe d'\u00e9mission de dioxyde de carbone, de la consommation de carburant, d'un la\u00efus en faveurs des modes actifs, transports en commun ou covoiturage dans les publicit\u00e9s automobile.<\/p>\n<p><a href=\"https:\/\/e-communautes.cnfpt.fr\/sites\/default\/files\/fichiers_partages\/pdf.js_viewer.pdf\">En savoir +<\/a><\/p>\n<\/div><\/div><div class=\"et_pb_accordion_item_3 et_pb_accordion_item et_pb_toggle et_pb_module et_clickable et_pb_toggle_close et_flex_module\"><h5 class=\"et_pb_toggle_title\">La loi d'orientation des mobilit\u00e9s \/Minist\u00e8re de la Transisition Ecologique et de la Transition des territoires \/ 04\/10\/2021<\/h5><div class=\"et_pb_toggle_content et_flex_module\"><p>La loi d'orientation des mobilit\u00e9s a \u00e9t\u00e9 publi\u00e9e au Journal officiel le 26 d\u00e9cembre 2019. Cette loi transforme en profondeur la politique des mobilit\u00e9s, avec un objectif simple : des transports du quotidien \u00e0 la fois plus faciles, moins co\u00fbteux et plus propres.<\/p>\n<p><a href=\"https:\/\/www.ecologie.gouv.fr\/loi-dorientation-des-mobilites\">En savoir +<\/a><\/p>\n<\/div><\/div><\/div><\/div><\/div><\/div><\/div><\/div>","protected":false},"excerpt":{"rendered":"","protected":false},"author":4,"featured_media":0,"parent":0,"menu_order":0,"comment_status":"closed","ping_status":"closed","template":"","meta":{"_acf_changed":false,"footnotes":""},"class_list":["post-5799","page","type-page","status-publish","hentry"],"acf":[],"yoast_head":"<!-- This site is optimized with the Yoast SEO plugin v27.5 - https:\/\/yoast.com\/product\/yoast-seo-wordpress\/ -->\n<title>Lois - Dromolib - Agence locale de mobilit\u00e9<\/title>\n<meta name=\"robots\" content=\"index, follow, max-snippet:-1, max-image-preview:large, max-video-preview:-1\" \/>\n<link rel=\"canonical\" href=\"https:\/\/mmlq.fr\/dromolib\/lois\/\" \/>\n<meta property=\"og:locale\" content=\"fr_FR\" \/>\n<meta property=\"og:type\" content=\"article\" \/>\n<meta property=\"og:title\" content=\"Lois - Dromolib - Agence locale de mobilit\u00e9\" \/>\n<meta property=\"og:url\" content=\"https:\/\/mmlq.fr\/dromolib\/lois\/\" \/>\n<meta property=\"og:site_name\" content=\"Dromolib - Agence locale de mobilit\u00e9\" \/>\n<meta property=\"article:publisher\" content=\"https:\/\/www.facebook.com\/Dromolib26\" \/>\n<meta property=\"article:modified_time\" content=\"2025-10-08T20:36:39+00:00\" \/>\n<meta name=\"twitter:card\" content=\"summary_large_image\" \/>\n<meta name=\"twitter:label1\" content=\"Dur\u00e9e de lecture estim\u00e9e\" \/>\n\t<meta name=\"twitter:data1\" content=\"2 minutes\" \/>\n<script type=\"application\/ld+json\" class=\"yoast-schema-graph\">{\"@context\":\"https:\\\/\\\/schema.org\",\"@graph\":[{\"@type\":\"WebPage\",\"@id\":\"https:\\\/\\\/mmlq.fr\\\/dromolib\\\/lois\\\/\",\"url\":\"https:\\\/\\\/mmlq.fr\\\/dromolib\\\/lois\\\/\",\"name\":\"Lois - Dromolib - Agence locale de mobilit\u00e9\",\"isPartOf\":{\"@id\":\"https:\\\/\\\/dromolib.fr\\\/#website\"},\"datePublished\":\"2023-11-22T14:56:26+00:00\",\"dateModified\":\"2025-10-08T20:36:39+00:00\",\"breadcrumb\":{\"@id\":\"https:\\\/\\\/mmlq.fr\\\/dromolib\\\/lois\\\/#breadcrumb\"},\"inLanguage\":\"fr-FR\",\"potentialAction\":[{\"@type\":\"ReadAction\",\"target\":[\"https:\\\/\\\/mmlq.fr\\\/dromolib\\\/lois\\\/\"]}]},{\"@type\":\"BreadcrumbList\",\"@id\":\"https:\\\/\\\/mmlq.fr\\\/dromolib\\\/lois\\\/#breadcrumb\",\"itemListElement\":[{\"@type\":\"ListItem\",\"position\":1,\"name\":\"Accueil\",\"item\":\"https:\\\/\\\/mmlq.fr\\\/dromolib\\\/\"},{\"@type\":\"ListItem\",\"position\":2,\"name\":\"Lois\"}]},{\"@type\":\"WebSite\",\"@id\":\"https:\\\/\\\/dromolib.fr\\\/#website\",\"url\":\"https:\\\/\\\/dromolib.fr\\\/\",\"name\":\"Dromolib - Agence locale de mobilit\u00e9\",\"description\":\"Se d\u00e9placer durablement en territoire rural (Dr\u00f4me et alentours)\",\"potentialAction\":[{\"@type\":\"SearchAction\",\"target\":{\"@type\":\"EntryPoint\",\"urlTemplate\":\"https:\\\/\\\/dromolib.fr\\\/?s={search_term_string}\"},\"query-input\":{\"@type\":\"PropertyValueSpecification\",\"valueRequired\":true,\"valueName\":\"search_term_string\"}}],\"inLanguage\":\"fr-FR\"}]}<\/script>\n<!-- \/ Yoast SEO plugin. -->","yoast_head_json":{"title":"Lois - Dromolib - Agence locale de mobilit\u00e9","robots":{"index":"index","follow":"follow","max-snippet":"max-snippet:-1","max-image-preview":"max-image-preview:large","max-video-preview":"max-video-preview:-1"},"canonical":"https:\/\/mmlq.fr\/dromolib\/lois\/","og_locale":"fr_FR","og_type":"article","og_title":"Lois - Dromolib - Agence locale de mobilit\u00e9","og_url":"https:\/\/mmlq.fr\/dromolib\/lois\/","og_site_name":"Dromolib - Agence locale de mobilit\u00e9","article_publisher":"https:\/\/www.facebook.com\/Dromolib26","article_modified_time":"2025-10-08T20:36:39+00:00","twitter_card":"summary_large_image","twitter_misc":{"Dur\u00e9e de lecture estim\u00e9e":"2 minutes"},"schema":{"@context":"https:\/\/schema.org","@graph":[{"@type":"WebPage","@id":"https:\/\/mmlq.fr\/dromolib\/lois\/","url":"https:\/\/mmlq.fr\/dromolib\/lois\/","name":"Lois - Dromolib - Agence locale de mobilit\u00e9","isPartOf":{"@id":"https:\/\/dromolib.fr\/#website"},"datePublished":"2023-11-22T14:56:26+00:00","dateModified":"2025-10-08T20:36:39+00:00","breadcrumb":{"@id":"https:\/\/mmlq.fr\/dromolib\/lois\/#breadcrumb"},"inLanguage":"fr-FR","potentialAction":[{"@type":"ReadAction","target":["https:\/\/mmlq.fr\/dromolib\/lois\/"]}]},{"@type":"BreadcrumbList","@id":"https:\/\/mmlq.fr\/dromolib\/lois\/#breadcrumb","itemListElement":[{"@type":"ListItem","position":1,"name":"Accueil","item":"https:\/\/mmlq.fr\/dromolib\/"},{"@type":"ListItem","position":2,"name":"Lois"}]},{"@type":"WebSite","@id":"https:\/\/dromolib.fr\/#website","url":"https:\/\/dromolib.fr\/","name":"Dromolib - Agence locale de mobilit\u00e9","description":"Se d\u00e9placer durablement en territoire rural (Dr\u00f4me et alentours)","potentialAction":[{"@type":"SearchAction","target":{"@type":"EntryPoint","urlTemplate":"https:\/\/dromolib.fr\/?s={search_term_string}"},"query-input":{"@type":"PropertyValueSpecification","valueRequired":true,"valueName":"search_term_string"}}],"inLanguage":"fr-FR"}]}},"_links":{"self":[{"href":"https:\/\/mmlq.fr\/dromolib\/wp-json\/wp\/v2\/pages\/5799","targetHints":{"allow":["GET"]}}],"collection":[{"href":"https:\/\/mmlq.fr\/dromolib\/wp-json\/wp\/v2\/pages"}],"about":[{"href":"https:\/\/mmlq.fr\/dromolib\/wp-json\/wp\/v2\/types\/page"}],"author":[{"embeddable":true,"href":"https:\/\/mmlq.fr\/dromolib\/wp-json\/wp\/v2\/users\/4"}],"replies":[{"embeddable":true,"href":"https:\/\/mmlq.fr\/dromolib\/wp-json\/wp\/v2\/comments?post=5799"}],"version-history":[{"count":1,"href":"https:\/\/mmlq.fr\/dromolib\/wp-json\/wp\/v2\/pages\/5799\/revisions"}],"predecessor-version":[{"id":9271,"href":"https:\/\/mmlq.fr\/dromolib\/wp-json\/wp\/v2\/pages\/5799\/revisions\/9271"}],"wp:attachment":[{"href":"https:\/\/mmlq.fr\/dromolib\/wp-json\/wp\/v2\/media?parent=5799"}],"curies":[{"name":"wp","href":"https:\/\/api.w.org\/{rel}","templated":true}]}}