{"id":5794,"date":"2023-11-22T17:16:55","date_gmt":"2023-11-22T16:16:55","guid":{"rendered":"https:\/\/mmlq.fr\/dromolib\/?page_id=5794"},"modified":"2026-04-16T19:03:42","modified_gmt":"2026-04-16T17:03:42","slug":"actus-mobilites","status":"publish","type":"page","link":"https:\/\/mmlq.fr\/dromolib\/actus-mobilites\/","title":{"rendered":"Veille mobilit\u00e9s"},"content":{"rendered":"\r\n\r\n<div class=\"et_pb_section_0 et_pb_section et_section_regular et_flex_section\">\r\n\r\n<div class=\"et_pb_row_0 et_pb_row et_flex_row\">\r\n\r\n<div class=\"et_pb_column_0 et_pb_column et-last-child et_flex_column et_pb_css_mix_blend_mode_passthrough et_flex_column_24_24 et_flex_column_24_24_tablet et_flex_column_24_24_phone\">\r\n\r\n<div class=\"et_pb_heading_0 et_pb_heading et_pb_module et_flex_module\"><div class=\"et_pb_heading_container\"><h1 class=\"et_pb_module_header\">Actus Mobilit\u00e9<\/h1><\/div><\/div><\/div><\/div><\/div>\r\n\r\n<div class=\"et_pb_section_1 et_pb_section et_section_regular et_block_section\">\r\n\r\n<div class=\"et_pb_row_1 et_pb_row et_block_row\">\r\n\r\n<div class=\"et_pb_column_1 et_pb_column et_pb_column_4_4 et-last-child et_block_column et_pb_css_mix_blend_mode_passthrough\">\r\n\r\n<div class=\"et_pb_text_0 et_pb_text et_pb_bg_layout_light et_pb_module et_block_module\"><div class=\"et_pb_text_inner\"><p><em>Dromolib vous offre une veille sur les actualit\u00e9s dans le domaine du transport et de la mobilit\u00e9 durable et solidaire\u00a0dans la Dr\u00f4me et ailleurs\u00a0: Guides, \u00e9tudes, chiffres cl\u00e9s, outils, articles, retours d\u2019exp\u00e9rience \u2026 retrouvez toutes les ressources utiles pour vous informer et agir chez vous en faveur de la mobilit\u00e9 durable et inclusive.<\/em><\/p>\n<p><a href=\"https:\/\/mmlq.fr\/dromolib\/wp-content\/uploads\/2025\/02\/bloc_logos_feder-e1744301281317.jpg\"><img loading=\"lazy\" decoding=\"async\" class=\"wp-image-8229 size-medium alignleft\" src=\"https:\/\/mmlq.fr\/dromolib\/wp-content\/uploads\/2025\/02\/bloc_logos_feder-e1744301281317-300x58.jpg\" alt=\"\" width=\"300\" height=\"58\" \/><\/a><a href=\"https:\/\/mmlq.fr\/dromolib\/wp-content\/uploads\/2021\/03\/logo-ademe-republique-francaise.jpg\"><img loading=\"lazy\" decoding=\"async\" class=\"wp-image-2663 alignleft\" src=\"https:\/\/mmlq.fr\/dromolib\/wp-content\/uploads\/2021\/03\/logo-ademe-republique-francaise-300x169.jpg\" alt=\"\" width=\"190\" height=\"107\" srcset=\"https:\/\/mmlq.fr\/dromolib\/wp-content\/uploads\/2021\/03\/logo-ademe-republique-francaise-300x169.jpg 300w, https:\/\/mmlq.fr\/dromolib\/wp-content\/uploads\/2021\/03\/logo-ademe-republique-francaise.jpg 395w\" sizes=\"(max-width: 190px) 100vw, 190px\" \/><\/a><a href=\"https:\/\/mmlq.fr\/dromolib\/wp-content\/uploads\/2025\/01\/FranceNationVerte_Logo_RVB_medium.jpg\"><img loading=\"lazy\" decoding=\"async\" class=\"wp-image-7883  alignleft\" src=\"https:\/\/mmlq.fr\/dromolib\/wp-content\/uploads\/2025\/01\/FranceNationVerte_Logo_RVB_medium.jpg\" alt=\"\" width=\"128\" height=\"99\" \/><\/a><a href=\"https:\/\/mmlq.fr\/dromolib\/wp-content\/uploads\/2025\/01\/PREF_Drome_RVB_medium.png\"><img loading=\"lazy\" decoding=\"async\" class=\"wp-image-7882 alignleft\" src=\"https:\/\/mmlq.fr\/dromolib\/wp-content\/uploads\/2025\/01\/PREF_Drome_RVB_medium.png\" alt=\"\" width=\"120\" height=\"100\" \/><\/a><\/p>\n<\/div><\/div><\/div><\/div>\r\n\r\n<div class=\"et_pb_row_2 et_pb_row et_block_row\">\r\n\r\n<div class=\"et_pb_column_2 et_pb_column et_pb_column_4_4 et-last-child et_block_column et_pb_css_mix_blend_mode_passthrough\">\r\n\r\n<div class=\"et_pb_code_0 et_pb_code et_pb_module\"><div class=\"et_pb_code_inner\">[caf_filter _builder_version=\"3.0.47\"][\/caf_filter]<\/div><\/div>\r\n\r\n<div class=\"et_pb_code_1 et_pb_code et_pb_module\"><div class=\"et_pb_code_inner\"><script>\njQuery(function(){\n\tjQuery('.abc').each(function(){\n\t\tjQuery(this).html( jQuery(this).html().replace('All', 'Tous') ); \t});\n  jQuery('.caf-read-more').each(function(){\n\t\tjQuery(this).html( jQuery(this).html().replace('Read More', 'en savoir plus') ); \t});\n});\njQuery(document).ready(function(){\n  setInterval(function(){\n     jQuery(\".caf-read-more\").html(\"en savoir plus\") ;jQuery\n  },100)\n })\n<\/script> <\/div><\/div><\/div><\/div>\r\n\r\n<div class=\"et_pb_row_3 et_pb_row et_block_row\">\r\n\r\n<div class=\"et_pb_column_3 et_pb_column et_pb_column_4_4 et-last-child et_block_column et_pb_css_mix_blend_mode_passthrough\">\r\n\r\n<div class=\"et_pb_module et_pb_button_module_wrapper et_pb_button_0_wrapper\"><a class=\"et_pb_button_0 et_pb_button et_pb_bg_layout_light et_pb_module et_block_module\" href=\"https:\/\/mmlq.fr\/dromolib\/observatoire-de-la-mobilite\/\">Aller voir les archives<\/a><\/div><\/div><\/div><\/div>","protected":false},"excerpt":{"rendered":"","protected":false},"author":4,"featured_media":0,"parent":0,"menu_order":0,"comment_status":"closed","ping_status":"closed","template":"","meta":{"_acf_changed":false,"footnotes":""},"class_list":["post-5794","page","type-page","status-publish","hentry"],"acf":[],"yoast_head":"<!-- This site is optimized with the Yoast SEO plugin v27.5 - https:\/\/yoast.com\/product\/yoast-seo-wordpress\/ -->\n<title>Veille mobilit\u00e9s - Dromolib - Agence locale de mobilit\u00e9<\/title>\n<meta name=\"description\" content=\"Bienvenue dans l&#039;actus mobilit\u00e9s ! Ici nous vous partageons notre veille d&#039;information pour que vous soyez au courant de tout.\" \/>\n<meta name=\"robots\" content=\"index, follow, max-snippet:-1, max-image-preview:large, max-video-preview:-1\" \/>\n<link rel=\"canonical\" href=\"https:\/\/mmlq.fr\/dromolib\/actus-mobilites\/\" \/>\n<meta property=\"og:locale\" content=\"fr_FR\" \/>\n<meta property=\"og:type\" content=\"article\" \/>\n<meta property=\"og:title\" content=\"Veille mobilit\u00e9s - Dromolib - Agence locale de mobilit\u00e9\" \/>\n<meta property=\"og:description\" content=\"Bienvenue dans l&#039;actus mobilit\u00e9s ! Ici nous vous partageons notre veille d&#039;information pour que vous soyez au courant de tout.\" \/>\n<meta property=\"og:url\" content=\"https:\/\/mmlq.fr\/dromolib\/actus-mobilites\/\" \/>\n<meta property=\"og:site_name\" content=\"Dromolib - Agence locale de mobilit\u00e9\" \/>\n<meta property=\"article:publisher\" content=\"https:\/\/www.facebook.com\/Dromolib26\" \/>\n<meta property=\"article:modified_time\" content=\"2026-04-16T17:03:42+00:00\" \/>\n<meta name=\"twitter:card\" content=\"summary_large_image\" \/>\n<script type=\"application\/ld+json\" class=\"yoast-schema-graph\">{\"@context\":\"https:\\\/\\\/schema.org\",\"@graph\":[{\"@type\":\"WebPage\",\"@id\":\"https:\\\/\\\/mmlq.fr\\\/dromolib\\\/actus-mobilites\\\/\",\"url\":\"https:\\\/\\\/mmlq.fr\\\/dromolib\\\/actus-mobilites\\\/\",\"name\":\"Veille mobilit\u00e9s - Dromolib - Agence locale de mobilit\u00e9\",\"isPartOf\":{\"@id\":\"https:\\\/\\\/dromolib.fr\\\/#website\"},\"datePublished\":\"2023-11-22T16:16:55+00:00\",\"dateModified\":\"2026-04-16T17:03:42+00:00\",\"description\":\"Bienvenue dans l'actus mobilit\u00e9s ! Ici nous vous partageons notre veille d'information pour que vous soyez au courant de tout.\",\"breadcrumb\":{\"@id\":\"https:\\\/\\\/mmlq.fr\\\/dromolib\\\/actus-mobilites\\\/#breadcrumb\"},\"inLanguage\":\"fr-FR\",\"potentialAction\":[{\"@type\":\"ReadAction\",\"target\":[\"https:\\\/\\\/mmlq.fr\\\/dromolib\\\/actus-mobilites\\\/\"]}]},{\"@type\":\"BreadcrumbList\",\"@id\":\"https:\\\/\\\/mmlq.fr\\\/dromolib\\\/actus-mobilites\\\/#breadcrumb\",\"itemListElement\":[{\"@type\":\"ListItem\",\"position\":1,\"name\":\"Accueil\",\"item\":\"https:\\\/\\\/mmlq.fr\\\/dromolib\\\/\"},{\"@type\":\"ListItem\",\"position\":2,\"name\":\"Veille mobilit\u00e9s\"}]},{\"@type\":\"WebSite\",\"@id\":\"https:\\\/\\\/dromolib.fr\\\/#website\",\"url\":\"https:\\\/\\\/dromolib.fr\\\/\",\"name\":\"Dromolib - Agence locale de mobilit\u00e9\",\"description\":\"Se d\u00e9placer durablement en territoire rural (Dr\u00f4me et alentours)\",\"potentialAction\":[{\"@type\":\"SearchAction\",\"target\":{\"@type\":\"EntryPoint\",\"urlTemplate\":\"https:\\\/\\\/dromolib.fr\\\/?s={search_term_string}\"},\"query-input\":{\"@type\":\"PropertyValueSpecification\",\"valueRequired\":true,\"valueName\":\"search_term_string\"}}],\"inLanguage\":\"fr-FR\"}]}<\/script>\n<!-- \/ Yoast SEO plugin. -->","yoast_head_json":{"title":"Veille mobilit\u00e9s - Dromolib - Agence locale de mobilit\u00e9","description":"Bienvenue dans l'actus mobilit\u00e9s ! Ici nous vous partageons notre veille d'information pour que vous soyez au courant de tout.","robots":{"index":"index","follow":"follow","max-snippet":"max-snippet:-1","max-image-preview":"max-image-preview:large","max-video-preview":"max-video-preview:-1"},"canonical":"https:\/\/mmlq.fr\/dromolib\/actus-mobilites\/","og_locale":"fr_FR","og_type":"article","og_title":"Veille mobilit\u00e9s - Dromolib - Agence locale de mobilit\u00e9","og_description":"Bienvenue dans l'actus mobilit\u00e9s ! Ici nous vous partageons notre veille d'information pour que vous soyez au courant de tout.","og_url":"https:\/\/mmlq.fr\/dromolib\/actus-mobilites\/","og_site_name":"Dromolib - Agence locale de mobilit\u00e9","article_publisher":"https:\/\/www.facebook.com\/Dromolib26","article_modified_time":"2026-04-16T17:03:42+00:00","twitter_card":"summary_large_image","schema":{"@context":"https:\/\/schema.org","@graph":[{"@type":"WebPage","@id":"https:\/\/mmlq.fr\/dromolib\/actus-mobilites\/","url":"https:\/\/mmlq.fr\/dromolib\/actus-mobilites\/","name":"Veille mobilit\u00e9s - Dromolib - Agence locale de mobilit\u00e9","isPartOf":{"@id":"https:\/\/dromolib.fr\/#website"},"datePublished":"2023-11-22T16:16:55+00:00","dateModified":"2026-04-16T17:03:42+00:00","description":"Bienvenue dans l'actus mobilit\u00e9s ! Ici nous vous partageons notre veille d'information pour que vous soyez au courant de tout.","breadcrumb":{"@id":"https:\/\/mmlq.fr\/dromolib\/actus-mobilites\/#breadcrumb"},"inLanguage":"fr-FR","potentialAction":[{"@type":"ReadAction","target":["https:\/\/mmlq.fr\/dromolib\/actus-mobilites\/"]}]},{"@type":"BreadcrumbList","@id":"https:\/\/mmlq.fr\/dromolib\/actus-mobilites\/#breadcrumb","itemListElement":[{"@type":"ListItem","position":1,"name":"Accueil","item":"https:\/\/mmlq.fr\/dromolib\/"},{"@type":"ListItem","position":2,"name":"Veille mobilit\u00e9s"}]},{"@type":"WebSite","@id":"https:\/\/dromolib.fr\/#website","url":"https:\/\/dromolib.fr\/","name":"Dromolib - Agence locale de mobilit\u00e9","description":"Se d\u00e9placer durablement en territoire rural (Dr\u00f4me et alentours)","potentialAction":[{"@type":"SearchAction","target":{"@type":"EntryPoint","urlTemplate":"https:\/\/dromolib.fr\/?s={search_term_string}"},"query-input":{"@type":"PropertyValueSpecification","valueRequired":true,"valueName":"search_term_string"}}],"inLanguage":"fr-FR"}]}},"_links":{"self":[{"href":"https:\/\/mmlq.fr\/dromolib\/wp-json\/wp\/v2\/pages\/5794","targetHints":{"allow":["GET"]}}],"collection":[{"href":"https:\/\/mmlq.fr\/dromolib\/wp-json\/wp\/v2\/pages"}],"about":[{"href":"https:\/\/mmlq.fr\/dromolib\/wp-json\/wp\/v2\/types\/page"}],"author":[{"embeddable":true,"href":"https:\/\/mmlq.fr\/dromolib\/wp-json\/wp\/v2\/users\/4"}],"replies":[{"embeddable":true,"href":"https:\/\/mmlq.fr\/dromolib\/wp-json\/wp\/v2\/comments?post=5794"}],"version-history":[{"count":4,"href":"https:\/\/mmlq.fr\/dromolib\/wp-json\/wp\/v2\/pages\/5794\/revisions"}],"predecessor-version":[{"id":9931,"href":"https:\/\/mmlq.fr\/dromolib\/wp-json\/wp\/v2\/pages\/5794\/revisions\/9931"}],"wp:attachment":[{"href":"https:\/\/mmlq.fr\/dromolib\/wp-json\/wp\/v2\/media?parent=5794"}],"curies":[{"name":"wp","href":"https:\/\/api.w.org\/{rel}","templated":true}]}}