{"id":3068,"date":"2021-09-13T09:25:49","date_gmt":"2021-09-13T07:25:49","guid":{"rendered":"https:\/\/mmlq.fr\/dromolib\/?page_id=3068"},"modified":"2021-09-13T10:48:37","modified_gmt":"2021-09-13T08:48:37","slug":"invitation-a-ralentir-a-ecouter-sur-radiola","status":"publish","type":"page","link":"https:\/\/mmlq.fr\/dromolib\/invitation-a-ralentir-a-ecouter-sur-radiola\/","title":{"rendered":"Invitation \u00e0 ralentir \u00e0 \u00e9couter sur radiola"},"content":{"rendered":"<div class=\"\" dir=\"auto\">\n<div id=\"jsc_c_n4\" class=\"ecm0bbzt hv4rvrfc ihqw7lf3 dati1w0a\" data-ad-comet-preview=\"message\" data-ad-preview=\"message\">\n<div class=\"j83agx80 cbu4d94t ew0dbk1b irj2b8pg\">\n<div class=\"qzhwtbm6 knvmm38d\">\n<div class=\"kvgmc6g5 cxmmr5t8 oygrvhab hcukyx3x c1et5uql ii04i59q\">\n<div dir=\"auto\">A l&rsquo;occasion de notre arriv\u00e9e dans le <a class=\"oajrlxb2 g5ia77u1 qu0x051f esr5mh6w e9989ue4 r7d6kgcz rq0escxv nhd2j8a9 nc684nl6 p7hjln8o kvgmc6g5 cxmmr5t8 oygrvhab hcukyx3x jb3vyjys rz4wbd8a qt6c0cv9 a8nywdso i1ao9s8h esuyzwwr f1sip0of lzcic4wl q66pz984 gpro0wi8 b1v8xokw\" tabindex=\"0\" role=\"link\" href=\"https:\/\/www.facebook.com\/R%C3%A9seau-Dr%C3%B4mois-d%C3%89ducation-%C3%A0-lEnvironnement-102788895327534\/?__cft__[0]=AZU5LEA8YeJhQFzvgPi3bBEQ_qGi_WoXDIWqe3XIwlaksoxnb6ZMq3vOhw9PbAIWnBKVl4LKHcqfPhFGiz2uLXx2NqXrmHNt4bRz9a31rNfEukrHni1g5xxhGBgHTD8LT5dU15b7qBuaeCmbxcKBE-AoPZQ0TlFXGpCBUPdQ_ukovw&amp;__tn__=kK-R\"><span class=\"nc684nl6\">R\u00e9seau Dr\u00f4mois d&rsquo;\u00c9ducation \u00e0 l&rsquo;Environnement<\/span><\/a>, Radiola a dress\u00e9 un portrait radiophonique de Dromolib pour comprendre nos actions avec une focale sur les s\u00e9ances de <a class=\"oajrlxb2 g5ia77u1 qu0x051f esr5mh6w e9989ue4 r7d6kgcz rq0escxv nhd2j8a9 nc684nl6 p7hjln8o kvgmc6g5 cxmmr5t8 oygrvhab hcukyx3x jb3vyjys rz4wbd8a qt6c0cv9 a8nywdso i1ao9s8h esuyzwwr f1sip0of lzcic4wl q66pz984 gpro0wi8 b1v8xokw\" tabindex=\"0\" role=\"link\" href=\"https:\/\/www.facebook.com\/hashtag\/v%C3%A9lo%C3%A9cole?__eep__=6&amp;__cft__[0]=AZU5LEA8YeJhQFzvgPi3bBEQ_qGi_WoXDIWqe3XIwlaksoxnb6ZMq3vOhw9PbAIWnBKVl4LKHcqfPhFGiz2uLXx2NqXrmHNt4bRz9a31rNfEukrHni1g5xxhGBgHTD8LT5dU15b7qBuaeCmbxcKBE-AoPZQ0TlFXGpCBUPdQ_ukovw&amp;__tn__=*NK-R\">#v\u00e9lo\u00e9cole<\/a> financ\u00e9es par la <a class=\"oajrlxb2 g5ia77u1 qu0x051f esr5mh6w e9989ue4 r7d6kgcz rq0escxv nhd2j8a9 nc684nl6 p7hjln8o kvgmc6g5 cxmmr5t8 oygrvhab hcukyx3x jb3vyjys rz4wbd8a qt6c0cv9 a8nywdso i1ao9s8h esuyzwwr f1sip0of lzcic4wl q66pz984 gpro0wi8 b1v8xokw\" tabindex=\"0\" role=\"link\" href=\"https:\/\/www.facebook.com\/valdedrome.interco\/?__cft__[0]=AZU5LEA8YeJhQFzvgPi3bBEQ_qGi_WoXDIWqe3XIwlaksoxnb6ZMq3vOhw9PbAIWnBKVl4LKHcqfPhFGiz2uLXx2NqXrmHNt4bRz9a31rNfEukrHni1g5xxhGBgHTD8LT5dU15b7qBuaeCmbxcKBE-AoPZQ0TlFXGpCBUPdQ_ukovw&amp;__tn__=kK-R\"><span class=\"nc684nl6\">Communaut\u00e9 de communes du Val de Dr\u00f4me en Biovall\u00e9e<\/span><\/a>.<\/div>\n<div dir=\"auto\"><\/div>\n<\/div>\n<div class=\"o9v6fnle cxmmr5t8 oygrvhab hcukyx3x c1et5uql ii04i59q\">\n<div dir=\"auto\">Cette \u00e9mission est diffus\u00e9e sur <a class=\"oajrlxb2 g5ia77u1 qu0x051f esr5mh6w e9989ue4 r7d6kgcz rq0escxv nhd2j8a9 nc684nl6 p7hjln8o kvgmc6g5 cxmmr5t8 oygrvhab hcukyx3x jb3vyjys rz4wbd8a qt6c0cv9 a8nywdso i1ao9s8h esuyzwwr f1sip0of lzcic4wl q66pz984 gpro0wi8 b1v8xokw\" tabindex=\"0\" role=\"link\" href=\"https:\/\/www.facebook.com\/hashtag\/radiola?__eep__=6&amp;__cft__[0]=AZU5LEA8YeJhQFzvgPi3bBEQ_qGi_WoXDIWqe3XIwlaksoxnb6ZMq3vOhw9PbAIWnBKVl4LKHcqfPhFGiz2uLXx2NqXrmHNt4bRz9a31rNfEukrHni1g5xxhGBgHTD8LT5dU15b7qBuaeCmbxcKBE-AoPZQ0TlFXGpCBUPdQ_ukovw&amp;__tn__=*NK-R\">#radiola<\/a>, une radio web.<\/div>\n<blockquote>\n<div dir=\"auto\">A \u00c9couter ici :<a class=\"oajrlxb2 g5ia77u1 qu0x051f esr5mh6w e9989ue4 r7d6kgcz rq0escxv nhd2j8a9 nc684nl6 p7hjln8o kvgmc6g5 cxmmr5t8 oygrvhab hcukyx3x jb3vyjys rz4wbd8a qt6c0cv9 a8nywdso i1ao9s8h esuyzwwr f1sip0of lzcic4wl py34i1dx gpro0wi8\" tabindex=\"0\" role=\"link\" href=\"https:\/\/l.facebook.com\/l.php?u=https%3A%2F%2Fwww.radiola.media%2Fwp-content%2Fuploads%2F2021%2F09%2FLaDN10_DROMOLIB_09-21.mp3%3Ffbclid%3DIwAR3s96syVJScS83qxjEPHssp3MxBukGB1rjtMm91cn50G6JHph4L22NAcvw&amp;h=AT1j1aQKHkMGHuJeB5vesILA6RUz47z_XinOWdUiWm6JnQVsrWjq1JD5p1lmrJjkM7ygsD2gnGFeND5H4OJkq8m8Gm5BoB-GQqXgIx0Ktb68N1k9Gl4Bt4w5jiq42aY6QA&amp;__tn__=-UK-R&amp;c[0]=AT3P7cCxkwsw1bfvmPNEcLnXYhE44yAHN1KYiB-0k6wcdFoCIddT9QT8ABFzokQjDfdcUniBTcXIjBPJoH4LKq0O0LE4zpDtcc9W6UIAXhrMo1c59wnmdiUoURyjb-Dbpp2Olh-yUuCCHF1xu4pjGKT0TAQcbRBZHj8tV6Gzr037kChEm1s\" target=\"_blank\" rel=\"nofollow noopener\"> https:\/\/www.radiola.media\/&#8230;\/09\/LaDN10_DROMOLIB_09-21.mp3<\/a><\/div>\n<\/blockquote>\n<\/div>\n<div dir=\"auto\"><\/div>\n<\/div>\n<\/div>\n<\/div>\n<div id=\"jsc_c_n4\" class=\"ecm0bbzt hv4rvrfc ihqw7lf3 dati1w0a\" data-ad-comet-preview=\"message\" data-ad-preview=\"message\">\n<div class=\"j83agx80 cbu4d94t ew0dbk1b irj2b8pg\">\n<div dir=\"auto\"><a href=\"https:\/\/mmlq.fr\/dromolib\/wp-content\/uploads\/2021\/09\/Ralentir.jpg\"><img loading=\"lazy\" decoding=\"async\" class=\"alignnone size-full wp-image-3069\" src=\"https:\/\/mmlq.fr\/dromolib\/wp-content\/uploads\/2021\/09\/Ralentir.jpg\" alt=\"\" width=\"1030\" height=\"680\" srcset=\"https:\/\/mmlq.fr\/dromolib\/wp-content\/uploads\/2021\/09\/Ralentir.jpg 1030w, https:\/\/mmlq.fr\/dromolib\/wp-content\/uploads\/2021\/09\/Ralentir-980x647.jpg 980w, https:\/\/mmlq.fr\/dromolib\/wp-content\/uploads\/2021\/09\/Ralentir-480x317.jpg 480w\" sizes=\"(min-width: 0px) and (max-width: 480px) 480px, (min-width: 481px) and (max-width: 980px) 980px, (min-width: 981px) 1030px, 100vw\" \/><\/a><\/div>\n<\/div>\n<\/div>\n<\/div>\n","protected":false},"excerpt":{"rendered":"<p>A l&rsquo;occasion de notre arriv\u00e9e dans le R\u00e9seau Dr\u00f4mois d&rsquo;\u00c9ducation \u00e0 l&rsquo;Environnement, Radiola a dress\u00e9 un portrait radiophonique de Dromolib pour comprendre nos actions avec une focale sur les s\u00e9ances [&hellip;]<\/p>\n","protected":false},"author":4,"featured_media":3069,"parent":0,"menu_order":0,"comment_status":"closed","ping_status":"closed","template":"","meta":{"_acf_changed":false,"footnotes":""},"class_list":["post-3068","page","type-page","status-publish","has-post-thumbnail","hentry"],"acf":[],"yoast_head":"<!-- This site is optimized with the Yoast SEO plugin v27.5 - https:\/\/yoast.com\/product\/yoast-seo-wordpress\/ -->\n<title>Invitation \u00e0 ralentir \u00e0 \u00e9couter sur radiola - Dromolib - Agence locale de mobilit\u00e9<\/title>\n<meta name=\"robots\" content=\"index, follow, max-snippet:-1, max-image-preview:large, max-video-preview:-1\" \/>\n<link rel=\"canonical\" href=\"https:\/\/dromolib.fr\/invitation-a-ralentir-a-ecouter-sur-radiola\/\" \/>\n<meta property=\"og:locale\" content=\"fr_FR\" \/>\n<meta property=\"og:type\" content=\"article\" \/>\n<meta property=\"og:title\" content=\"Invitation \u00e0 ralentir \u00e0 \u00e9couter sur radiola - Dromolib - Agence locale de mobilit\u00e9\" \/>\n<meta property=\"og:description\" content=\"A l&rsquo;occasion de notre arriv\u00e9e dans le R\u00e9seau Dr\u00f4mois d&rsquo;\u00c9ducation \u00e0 l&rsquo;Environnement, Radiola a dress\u00e9 un portrait radiophonique de Dromolib pour comprendre nos actions avec une focale sur les s\u00e9ances [&hellip;]\" \/>\n<meta property=\"og:url\" content=\"https:\/\/dromolib.fr\/invitation-a-ralentir-a-ecouter-sur-radiola\/\" \/>\n<meta property=\"og:site_name\" content=\"Dromolib - Agence locale de mobilit\u00e9\" \/>\n<meta property=\"article:publisher\" content=\"https:\/\/www.facebook.com\/Dromolib26\" \/>\n<meta property=\"article:modified_time\" content=\"2021-09-13T08:48:37+00:00\" \/>\n<meta property=\"og:image\" content=\"https:\/\/dromolib.fr\/wp-content\/uploads\/2021\/09\/Ralentir.jpg\" \/>\n\t<meta property=\"og:image:width\" content=\"1030\" \/>\n\t<meta property=\"og:image:height\" content=\"680\" \/>\n\t<meta property=\"og:image:type\" content=\"image\/jpeg\" \/>\n<meta name=\"twitter:card\" content=\"summary_large_image\" \/>\n<meta name=\"twitter:label1\" content=\"Dur\u00e9e de lecture estim\u00e9e\" \/>\n\t<meta name=\"twitter:data1\" content=\"1 minute\" \/>\n<script type=\"application\/ld+json\" class=\"yoast-schema-graph\">{\"@context\":\"https:\\\/\\\/schema.org\",\"@graph\":[{\"@type\":\"WebPage\",\"@id\":\"https:\\\/\\\/dromolib.fr\\\/invitation-a-ralentir-a-ecouter-sur-radiola\\\/\",\"url\":\"https:\\\/\\\/dromolib.fr\\\/invitation-a-ralentir-a-ecouter-sur-radiola\\\/\",\"name\":\"Invitation \u00e0 ralentir \u00e0 \u00e9couter sur radiola - Dromolib - Agence locale de mobilit\u00e9\",\"isPartOf\":{\"@id\":\"https:\\\/\\\/dromolib.fr\\\/#website\"},\"primaryImageOfPage\":{\"@id\":\"https:\\\/\\\/dromolib.fr\\\/invitation-a-ralentir-a-ecouter-sur-radiola\\\/#primaryimage\"},\"image\":{\"@id\":\"https:\\\/\\\/dromolib.fr\\\/invitation-a-ralentir-a-ecouter-sur-radiola\\\/#primaryimage\"},\"thumbnailUrl\":\"https:\\\/\\\/mmlq.fr\\\/dromolib\\\/wp-content\\\/uploads\\\/2021\\\/09\\\/Ralentir.jpg\",\"datePublished\":\"2021-09-13T07:25:49+00:00\",\"dateModified\":\"2021-09-13T08:48:37+00:00\",\"breadcrumb\":{\"@id\":\"https:\\\/\\\/dromolib.fr\\\/invitation-a-ralentir-a-ecouter-sur-radiola\\\/#breadcrumb\"},\"inLanguage\":\"fr-FR\",\"potentialAction\":[{\"@type\":\"ReadAction\",\"target\":[\"https:\\\/\\\/dromolib.fr\\\/invitation-a-ralentir-a-ecouter-sur-radiola\\\/\"]}]},{\"@type\":\"ImageObject\",\"inLanguage\":\"fr-FR\",\"@id\":\"https:\\\/\\\/dromolib.fr\\\/invitation-a-ralentir-a-ecouter-sur-radiola\\\/#primaryimage\",\"url\":\"https:\\\/\\\/mmlq.fr\\\/dromolib\\\/wp-content\\\/uploads\\\/2021\\\/09\\\/Ralentir.jpg\",\"contentUrl\":\"https:\\\/\\\/mmlq.fr\\\/dromolib\\\/wp-content\\\/uploads\\\/2021\\\/09\\\/Ralentir.jpg\",\"width\":1030,\"height\":680},{\"@type\":\"BreadcrumbList\",\"@id\":\"https:\\\/\\\/dromolib.fr\\\/invitation-a-ralentir-a-ecouter-sur-radiola\\\/#breadcrumb\",\"itemListElement\":[{\"@type\":\"ListItem\",\"position\":1,\"name\":\"Accueil\",\"item\":\"https:\\\/\\\/mmlq.fr\\\/dromolib\\\/\"},{\"@type\":\"ListItem\",\"position\":2,\"name\":\"Invitation \u00e0 ralentir \u00e0 \u00e9couter sur radiola\"}]},{\"@type\":\"WebSite\",\"@id\":\"https:\\\/\\\/dromolib.fr\\\/#website\",\"url\":\"https:\\\/\\\/dromolib.fr\\\/\",\"name\":\"Dromolib - Agence locale de mobilit\u00e9\",\"description\":\"Se d\u00e9placer durablement en territoire rural (Dr\u00f4me et alentours)\",\"potentialAction\":[{\"@type\":\"SearchAction\",\"target\":{\"@type\":\"EntryPoint\",\"urlTemplate\":\"https:\\\/\\\/dromolib.fr\\\/?s={search_term_string}\"},\"query-input\":{\"@type\":\"PropertyValueSpecification\",\"valueRequired\":true,\"valueName\":\"search_term_string\"}}],\"inLanguage\":\"fr-FR\"}]}<\/script>\n<!-- \/ Yoast SEO plugin. -->","yoast_head_json":{"title":"Invitation \u00e0 ralentir \u00e0 \u00e9couter sur radiola - Dromolib - Agence locale de mobilit\u00e9","robots":{"index":"index","follow":"follow","max-snippet":"max-snippet:-1","max-image-preview":"max-image-preview:large","max-video-preview":"max-video-preview:-1"},"canonical":"https:\/\/dromolib.fr\/invitation-a-ralentir-a-ecouter-sur-radiola\/","og_locale":"fr_FR","og_type":"article","og_title":"Invitation \u00e0 ralentir \u00e0 \u00e9couter sur radiola - Dromolib - Agence locale de mobilit\u00e9","og_description":"A l&rsquo;occasion de notre arriv\u00e9e dans le R\u00e9seau Dr\u00f4mois d&rsquo;\u00c9ducation \u00e0 l&rsquo;Environnement, Radiola a dress\u00e9 un portrait radiophonique de Dromolib pour comprendre nos actions avec une focale sur les s\u00e9ances [&hellip;]","og_url":"https:\/\/dromolib.fr\/invitation-a-ralentir-a-ecouter-sur-radiola\/","og_site_name":"Dromolib - Agence locale de mobilit\u00e9","article_publisher":"https:\/\/www.facebook.com\/Dromolib26","article_modified_time":"2021-09-13T08:48:37+00:00","og_image":[{"width":1030,"height":680,"url":"https:\/\/dromolib.fr\/wp-content\/uploads\/2021\/09\/Ralentir.jpg","type":"image\/jpeg"}],"twitter_card":"summary_large_image","twitter_misc":{"Dur\u00e9e de lecture estim\u00e9e":"1 minute"},"schema":{"@context":"https:\/\/schema.org","@graph":[{"@type":"WebPage","@id":"https:\/\/dromolib.fr\/invitation-a-ralentir-a-ecouter-sur-radiola\/","url":"https:\/\/dromolib.fr\/invitation-a-ralentir-a-ecouter-sur-radiola\/","name":"Invitation \u00e0 ralentir \u00e0 \u00e9couter sur radiola - Dromolib - Agence locale de mobilit\u00e9","isPartOf":{"@id":"https:\/\/dromolib.fr\/#website"},"primaryImageOfPage":{"@id":"https:\/\/dromolib.fr\/invitation-a-ralentir-a-ecouter-sur-radiola\/#primaryimage"},"image":{"@id":"https:\/\/dromolib.fr\/invitation-a-ralentir-a-ecouter-sur-radiola\/#primaryimage"},"thumbnailUrl":"https:\/\/mmlq.fr\/dromolib\/wp-content\/uploads\/2021\/09\/Ralentir.jpg","datePublished":"2021-09-13T07:25:49+00:00","dateModified":"2021-09-13T08:48:37+00:00","breadcrumb":{"@id":"https:\/\/dromolib.fr\/invitation-a-ralentir-a-ecouter-sur-radiola\/#breadcrumb"},"inLanguage":"fr-FR","potentialAction":[{"@type":"ReadAction","target":["https:\/\/dromolib.fr\/invitation-a-ralentir-a-ecouter-sur-radiola\/"]}]},{"@type":"ImageObject","inLanguage":"fr-FR","@id":"https:\/\/dromolib.fr\/invitation-a-ralentir-a-ecouter-sur-radiola\/#primaryimage","url":"https:\/\/mmlq.fr\/dromolib\/wp-content\/uploads\/2021\/09\/Ralentir.jpg","contentUrl":"https:\/\/mmlq.fr\/dromolib\/wp-content\/uploads\/2021\/09\/Ralentir.jpg","width":1030,"height":680},{"@type":"BreadcrumbList","@id":"https:\/\/dromolib.fr\/invitation-a-ralentir-a-ecouter-sur-radiola\/#breadcrumb","itemListElement":[{"@type":"ListItem","position":1,"name":"Accueil","item":"https:\/\/mmlq.fr\/dromolib\/"},{"@type":"ListItem","position":2,"name":"Invitation \u00e0 ralentir \u00e0 \u00e9couter sur radiola"}]},{"@type":"WebSite","@id":"https:\/\/dromolib.fr\/#website","url":"https:\/\/dromolib.fr\/","name":"Dromolib - Agence locale de mobilit\u00e9","description":"Se d\u00e9placer durablement en territoire rural (Dr\u00f4me et alentours)","potentialAction":[{"@type":"SearchAction","target":{"@type":"EntryPoint","urlTemplate":"https:\/\/dromolib.fr\/?s={search_term_string}"},"query-input":{"@type":"PropertyValueSpecification","valueRequired":true,"valueName":"search_term_string"}}],"inLanguage":"fr-FR"}]}},"_links":{"self":[{"href":"https:\/\/mmlq.fr\/dromolib\/wp-json\/wp\/v2\/pages\/3068","targetHints":{"allow":["GET"]}}],"collection":[{"href":"https:\/\/mmlq.fr\/dromolib\/wp-json\/wp\/v2\/pages"}],"about":[{"href":"https:\/\/mmlq.fr\/dromolib\/wp-json\/wp\/v2\/types\/page"}],"author":[{"embeddable":true,"href":"https:\/\/mmlq.fr\/dromolib\/wp-json\/wp\/v2\/users\/4"}],"replies":[{"embeddable":true,"href":"https:\/\/mmlq.fr\/dromolib\/wp-json\/wp\/v2\/comments?post=3068"}],"version-history":[{"count":0,"href":"https:\/\/mmlq.fr\/dromolib\/wp-json\/wp\/v2\/pages\/3068\/revisions"}],"wp:featuredmedia":[{"embeddable":true,"href":"https:\/\/mmlq.fr\/dromolib\/wp-json\/wp\/v2\/media\/3069"}],"wp:attachment":[{"href":"https:\/\/mmlq.fr\/dromolib\/wp-json\/wp\/v2\/media?parent=3068"}],"curies":[{"name":"wp","href":"https:\/\/api.w.org\/{rel}","templated":true}]}}